{"id":259249,"date":"2025-09-09T17:05:45","date_gmt":"2025-09-09T23:05:45","guid":{"rendered":"https:\/\/agrolytics.org\/info\/biodiversity-2\/"},"modified":"2025-09-18T10:16:44","modified_gmt":"2025-09-18T16:16:44","slug":"seguros-y-riesgo","status":"publish","type":"page","link":"https:\/\/agrolytics.org\/info\/seguros-y-riesgo\/","title":{"rendered":"Seguros y Cr\u00e9dito"},"content":{"rendered":"<div class=\"wpb-content-wrapper\"><p>[vc_row][vc_column][vc_column_text css=&#8221;&#8221;]<\/p>\n<h1 data-pm-slice=\"1 1 []\">Riesgo agroclim\u00e1tico por cultivo y temporada<\/h1>\n<p data-pm-slice=\"1 1 []\">Se\u00f1ales para pricing, prevenci\u00f3n y cr\u00e9dito con integraci\u00f3n directa a tus sistemas.<\/p>\n<p>[\/vc_column_text][\/vc_column][\/vc_row][vc_row][vc_column][vc_column_text css=&#8221;&#8221;]<\/p>\n<h2>Caracter\u00edsticas<\/h2>\n<p>[\/vc_column_text][vc_row_inner][vc_column_inner width=&#8221;1\/4&#8243;][vc_icon type=&#8221;typicons&#8221; icon_typicons=&#8221;typcn typcn-chart-bar&#8221; color=&#8221;green&#8221; size=&#8221;xl&#8221; css=&#8221;&#8221;][vc_column_text css=&#8221;&#8221;]<\/p>\n<p data-pm-slice=\"1 1 [&quot;list&quot;,{&quot;spread&quot;:false,&quot;start&quot;:5280,&quot;end&quot;:5646},&quot;regular_list_item&quot;,{&quot;start&quot;:5280,&quot;end&quot;:5373}]\"><strong>\u00cdndices de riesgo<\/strong><\/p>\n<ul>\n<li data-pm-slice=\"1 1 [&quot;list&quot;,{&quot;spread&quot;:false,&quot;start&quot;:5280,&quot;end&quot;:5646},&quot;regular_list_item&quot;,{&quot;start&quot;:5280,&quot;end&quot;:5373}]\">por cultivo,<\/li>\n<li data-pm-slice=\"1 1 [&quot;list&quot;,{&quot;spread&quot;:false,&quot;start&quot;:5280,&quot;end&quot;:5646},&quot;regular_list_item&quot;,{&quot;start&quot;:5280,&quot;end&quot;:5373}]\">por georreferencia, zona o parcela,<\/li>\n<li data-pm-slice=\"1 1 [&quot;list&quot;,{&quot;spread&quot;:false,&quot;start&quot;:5280,&quot;end&quot;:5646},&quot;regular_list_item&quot;,{&quot;start&quot;:5280,&quot;end&quot;:5373}]\">de favorabilidad de especies relacionadas<\/li>\n<\/ul>\n<p>[\/vc_column_text][\/vc_column_inner][vc_column_inner width=&#8221;1\/4&#8243;][vc_icon type=&#8221;material&#8221; icon_material=&#8221;vc-material vc-material-map&#8221; color=&#8221;green&#8221; size=&#8221;xl&#8221; css=&#8221;&#8221;][vc_column_text css=&#8221;&#8221;]<\/p>\n<p data-pm-slice=\"1 1 [&quot;list&quot;,{&quot;spread&quot;:false,&quot;start&quot;:5280,&quot;end&quot;:5646},&quot;regular_list_item&quot;,{&quot;start&quot;:5374,&quot;end&quot;:5467}]\"><strong>Contexto de riesgo<\/strong><\/p>\n<ul>\n<li data-pm-slice=\"1 1 [&quot;list&quot;,{&quot;spread&quot;:false,&quot;start&quot;:5280,&quot;end&quot;:5646},&quot;regular_list_item&quot;,{&quot;start&quot;:5374,&quot;end&quot;:5467}]\">Aptitud clim\u00e1tica<\/li>\n<li data-pm-slice=\"1 1 [&quot;list&quot;,{&quot;spread&quot;:false,&quot;start&quot;:5280,&quot;end&quot;:5646},&quot;regular_list_item&quot;,{&quot;start&quot;:5374,&quot;end&quot;:5467}]\">Interacciones entre especies<\/li>\n<li data-pm-slice=\"1 1 [&quot;list&quot;,{&quot;spread&quot;:false,&quot;start&quot;:5280,&quot;end&quot;:5646},&quot;regular_list_item&quot;,{&quot;start&quot;:5374,&quot;end&quot;:5467}]\">Usos de suelo<\/li>\n<li data-pm-slice=\"1 1 [&quot;list&quot;,{&quot;spread&quot;:false,&quot;start&quot;:5280,&quot;end&quot;:5646},&quot;regular_list_item&quot;,{&quot;start&quot;:5374,&quot;end&quot;:5467}]\">\u00c1reas protegidas<\/li>\n<\/ul>\n<p>[\/vc_column_text][\/vc_column_inner][vc_column_inner width=&#8221;1\/4&#8243;][vc_icon type=&#8221;openiconic&#8221; icon_openiconic=&#8221;vc-oi vc-oi-doc&#8221; color=&#8221;green&#8221; size=&#8221;xl&#8221; css=&#8221;&#8221;][vc_column_text css=&#8221;&#8221;]<\/p>\n<p data-pm-slice=\"1 1 [&quot;list&quot;,{&quot;spread&quot;:false,&quot;start&quot;:5280,&quot;end&quot;:5646},&quot;regular_list_item&quot;,{&quot;start&quot;:5540,&quot;end&quot;:5591}]\"><strong>Reportes<\/strong><\/p>\n<ul>\n<li data-pm-slice=\"1 1 [&quot;list&quot;,{&quot;spread&quot;:false,&quot;start&quot;:5280,&quot;end&quot;:5646},&quot;regular_list_item&quot;,{&quot;start&quot;:5540,&quot;end&quot;:5591}]\">Por parcela<\/li>\n<li data-pm-slice=\"1 1 [&quot;list&quot;,{&quot;spread&quot;:false,&quot;start&quot;:5280,&quot;end&quot;:5646},&quot;regular_list_item&quot;,{&quot;start&quot;:5540,&quot;end&quot;:5591}]\">Por proyecto<\/li>\n<\/ul>\n<p>[\/vc_column_text][\/vc_column_inner][vc_column_inner width=&#8221;1\/4&#8243;][vc_icon type=&#8221;material&#8221; icon_material=&#8221;vc-material vc-material-swap_vertical_circle&#8221; color=&#8221;green&#8221; size=&#8221;xl&#8221; css=&#8221;&#8221;][vc_column_text css=&#8221;&#8221;]<\/p>\n<p data-pm-slice=\"1 1 [&quot;list&quot;,{&quot;spread&quot;:false,&quot;start&quot;:6344,&quot;end&quot;:6720},&quot;regular_list_item&quot;,{&quot;start&quot;:6656,&quot;end&quot;:6720}]\"><strong>API de integraci\u00f3n<\/strong><\/p>\n<ul>\n<li data-pm-slice=\"1 1 [&quot;list&quot;,{&quot;spread&quot;:false,&quot;start&quot;:6344,&quot;end&quot;:6720},&quot;regular_list_item&quot;,{&quot;start&quot;:6656,&quot;end&quot;:6720}]\">Consulta por cerca geogr\u00e1fica<\/li>\n<\/ul>\n<p>[\/vc_column_text][\/vc_column_inner][\/vc_row_inner][\/vc_column][\/vc_row][vc_row][vc_column width=&#8221;1\/2&#8243;][vc_column_text css=&#8221;&#8221;]<\/p>\n<h3 data-pm-slice=\"1 1 []\">C\u00f3mo funciona<\/h3>\n<p data-pm-slice=\"1 1 []\">La plataforma calcula el<strong> \u00edndice de favorabilidad agroambiental<\/strong> por cultivo a tiempo presente y futuro en un espacio geogr\u00e1fico, como es una parcela. Facilita las posibles interacciones con especies nocivas, como son pat\u00f3genos del cultivo, y su favorabilidad ambiental. Expone resultados v\u00eda <strong>API<\/strong> y reportes listos para integrase con sistemas de c\u00e1lculos de riesgo.<\/p>\n<p>[\/vc_column_text][\/vc_column][vc_column width=&#8221;1\/2&#8243;][vc_column_text css=&#8221;&#8221;]<\/p>\n<h3 data-pm-slice=\"1 1 []\">Usos por audiencia<\/h3>\n<ul>\n<li><strong>Aseguradoras:<\/strong> primas t\u00e9cnicas, prevenci\u00f3n y monitoreo de riesgo.<\/li>\n<li><strong>Banca de cr\u00e9dito:<\/strong> <em>scoring<\/em> de originaci\u00f3n.<\/li>\n<\/ul>\n<p>[\/vc_column_text][\/vc_column][\/vc_row][vc_row][vc_column][vc_column_text css=&#8221;&#8221;]<\/p>\n<h2>M\u00f3dulos y reportes<\/h2>\n<p>[\/vc_column_text][vc_row_inner][vc_column_inner width=&#8221;1\/4&#8243;][vc_icon icon_fontawesome=&#8221;fa fa-solid fa-file-lines&#8221; color=&#8221;green&#8221; css=&#8221;&#8221;][\/vc_column_inner][vc_column_inner width=&#8221;3\/4&#8243;][vc_column_text css=&#8221;&#8221;]<\/p>\n<p data-pm-slice=\"1 1 [&quot;list&quot;,{&quot;spread&quot;:false,&quot;start&quot;:7271,&quot;end&quot;:7828},&quot;regular_list_item&quot;,{&quot;start&quot;:7271,&quot;end&quot;:7472}]\"><strong>\u00cdndice de Riesgo Agroclim\u00e1tico para Cr\u00e9dito<\/strong><\/p>\n<p data-pm-slice=\"1 1 [&quot;list&quot;,{&quot;spread&quot;:false,&quot;start&quot;:7271,&quot;end&quot;:7828},&quot;regular_list_item&quot;,{&quot;start&quot;:7271,&quot;end&quot;:7472}]\"><em>Scoring<\/em> 0\u2013100 por parcela\/cultivo con sem\u00e1foro y drivers; integraci\u00f3n por API.<\/p>\n<p>[\/vc_column_text][vc_btn title=&#8221;M\u00e1s informaci\u00f3n&#8221; color=&#8221;warning&#8221; css=&#8221;&#8221; link=&#8221;url:https%3A%2F%2Fagrolytics.org%2Finfo%2Findice-riesgo-agroclimatico%2F|title:Seguros%20%E2%80%94%20%C3%8Dndice%20de%20Riesgo%20Agroclim%C3%A1tico%20para%20Cr%C3%A9dito&#8221;][\/vc_column_inner][\/vc_row_inner][vc_row_inner][vc_column_inner width=&#8221;1\/4&#8243;][vc_icon icon_fontawesome=&#8221;fa fa-solid fa-file-lines&#8221; color=&#8221;green&#8221; css=&#8221;&#8221;][\/vc_column_inner][vc_column_inner width=&#8221;3\/4&#8243;][vc_column_text css=&#8221;&#8221;]<\/p>\n<p data-pm-slice=\"1 1 [&quot;list&quot;,{&quot;spread&quot;:false,&quot;start&quot;:7271,&quot;end&quot;:7828},&quot;regular_list_item&quot;,{&quot;start&quot;:7473,&quot;end&quot;:7651}]\"><strong>\u00a0Reporte de Evaluaci\u00f3n de Parcela para Cr\u00e9dito<br \/>\n<\/strong>\u00a0Opini\u00f3n t\u00e9cnica con score, ventanas cr\u00edticas y recomendaciones.<\/p>\n<p>[\/vc_column_text][vc_btn title=&#8221;M\u00e1s informaci\u00f3n&#8221; color=&#8221;warning&#8221; css=&#8221;&#8221; link=&#8221;url:https%3A%2F%2Fagrolytics.org%2Finfo%2Fevaluacion-parcela-credito%2F|title:Seguros%20%E2%80%94%20%C3%8Dndice%20de%20Riesgo%20Agroclim%C3%A1tico%20para%20Cr%C3%A9dito&#8221;][\/vc_column_inner][\/vc_row_inner][vc_row_inner][vc_column_inner width=&#8221;1\/4&#8243;][vc_icon icon_fontawesome=&#8221;fa fa-solid fa-file-lines&#8221; color=&#8221;green&#8221; css=&#8221;&#8221;][\/vc_column_inner][vc_column_inner width=&#8221;3\/4&#8243;][vc_column_text css=&#8221;&#8221;]<\/p>\n<p data-pm-slice=\"1 1 [&quot;list&quot;,{&quot;spread&quot;:false,&quot;start&quot;:7271,&quot;end&quot;:7828},&quot;regular_list_item&quot;,{&quot;start&quot;:7652,&quot;end&quot;:7828}]\"><strong>Monitoreo de Cartera y Alertas<\/strong>: vigilancia estacional, cambios de score y <em>watchlists<\/em> con alertas.<\/p>\n<p>[\/vc_column_text][\/vc_column_inner][\/vc_row_inner][\/vc_column][\/vc_row]<\/p>\n<\/div>","protected":false},"excerpt":{"rendered":"<p>[vc_row][vc_column][vc_column_text css=&#8221;&#8221;] Riesgo agroclim\u00e1tico por cultivo y temporada Se\u00f1ales para pricing, prevenci\u00f3n y cr\u00e9dito con integraci\u00f3n directa a tus sistemas. [\/vc_column_text][\/vc_column][\/vc_row][vc_row][vc_column][vc_column_text css=&#8221;&#8221;] Caracter\u00edsticas [\/vc_column_text][vc_row_inner][vc_column_inner width=&#8221;1\/4&#8243;][vc_icon type=&#8221;typicons&#8221; icon_typicons=&#8221;typcn typcn-chart-bar&#8221; color=&#8221;green&#8221; size=&#8221;xl&#8221; css=&#8221;&#8221;][vc_column_text css=&#8221;&#8221;] \u00cdndices de riesgo por cultivo, por georreferencia, zona o parcela, de favorabilidad de especies relacionadas [\/vc_column_text][\/vc_column_inner][vc_column_inner width=&#8221;1\/4&#8243;][vc_icon type=&#8221;material&#8221; icon_material=&#8221;vc-material vc-material-map&#8221; color=&#8221;green&#8221; size=&#8221;xl&#8221; css=&#8221;&#8221;][vc_column_text &hellip; <a href=\"https:\/\/agrolytics.org\/info\/seguros-y-riesgo\/\" class=\"more-link\">Continue reading <span class=\"screen-reader-text\">Seguros y Cr\u00e9dito<\/span><\/a><\/p>\n","protected":false},"author":1,"featured_media":0,"parent":0,"menu_order":3,"comment_status":"closed","ping_status":"closed","template":"","meta":{"_acf_changed":false,"footnotes":""},"class_list":["post-259249","page","type-page","status-publish","hentry"],"acf":[],"yoast_head":"<!-- This site is optimized with the Yoast SEO plugin v26.1.1 - https:\/\/yoast.com\/wordpress\/plugins\/seo\/ -->\n<title>Seguros y Cr\u00e9dito : Riesgo agroclim\u00e1tico por cultivo - Agrolytics<\/title>\n<meta name=\"description\" content=\"An\u00e1lisis de riesgo y scoring por cultivo, temporada y ubicaci\u00f3n, con drivers explicativos e integraci\u00f3n por API.\" \/>\n<meta name=\"robots\" content=\"index, follow, max-snippet:-1, max-image-preview:large, max-video-preview:-1\" \/>\n<link rel=\"canonical\" href=\"https:\/\/agrolytics.org\/info\/seguros-y-riesgo\/\" \/>\n<meta property=\"og:locale\" content=\"es_MX\" \/>\n<meta property=\"og:type\" content=\"article\" \/>\n<meta property=\"og:title\" content=\"Seguros y Cr\u00e9dito : Riesgo agroclim\u00e1tico por cultivo - Agrolytics\" \/>\n<meta property=\"og:description\" content=\"An\u00e1lisis de riesgo y scoring por cultivo, temporada y ubicaci\u00f3n, con drivers explicativos e integraci\u00f3n por API.\" \/>\n<meta property=\"og:url\" content=\"https:\/\/agrolytics.org\/info\/seguros-y-riesgo\/\" \/>\n<meta property=\"og:site_name\" content=\"Agrolytics\" \/>\n<meta property=\"article:modified_time\" content=\"2025-09-18T16:16:44+00:00\" \/>\n<meta name=\"twitter:card\" content=\"summary_large_image\" \/>\n<meta name=\"twitter:label1\" content=\"Tiempo de lectura\" \/>\n\t<meta name=\"twitter:data1\" content=\"2 minutos\" \/>\n<!-- \/ Yoast SEO plugin. -->","yoast_head_json":{"title":"Seguros y Cr\u00e9dito : Riesgo agroclim\u00e1tico por cultivo - Agrolytics","description":"An\u00e1lisis de riesgo y scoring por cultivo, temporada y ubicaci\u00f3n, con drivers explicativos e integraci\u00f3n por API.","robots":{"index":"index","follow":"follow","max-snippet":"max-snippet:-1","max-image-preview":"max-image-preview:large","max-video-preview":"max-video-preview:-1"},"canonical":"https:\/\/agrolytics.org\/info\/seguros-y-riesgo\/","og_locale":"es_MX","og_type":"article","og_title":"Seguros y Cr\u00e9dito : Riesgo agroclim\u00e1tico por cultivo - Agrolytics","og_description":"An\u00e1lisis de riesgo y scoring por cultivo, temporada y ubicaci\u00f3n, con drivers explicativos e integraci\u00f3n por API.","og_url":"https:\/\/agrolytics.org\/info\/seguros-y-riesgo\/","og_site_name":"Agrolytics","article_modified_time":"2025-09-18T16:16:44+00:00","twitter_card":"summary_large_image","twitter_misc":{"Tiempo de lectura":"2 minutos"},"schema":{"@context":"https:\/\/schema.org","@graph":[{"@type":"WebPage","@id":"https:\/\/agrolytics.org\/info\/seguros-y-riesgo\/","url":"https:\/\/agrolytics.org\/info\/seguros-y-riesgo\/","name":"Seguros y Cr\u00e9dito : Riesgo agroclim\u00e1tico por cultivo - Agrolytics","isPartOf":{"@id":"https:\/\/agrolytics.org\/info\/#website"},"datePublished":"2025-09-09T23:05:45+00:00","dateModified":"2025-09-18T16:16:44+00:00","description":"An\u00e1lisis de riesgo y scoring por cultivo, temporada y ubicaci\u00f3n, con drivers explicativos e integraci\u00f3n por API.","breadcrumb":{"@id":"https:\/\/agrolytics.org\/info\/seguros-y-riesgo\/#breadcrumb"},"inLanguage":"es","potentialAction":[{"@type":"ReadAction","target":["https:\/\/agrolytics.org\/info\/seguros-y-riesgo\/"]}]},{"@type":"BreadcrumbList","@id":"https:\/\/agrolytics.org\/info\/seguros-y-riesgo\/#breadcrumb","itemListElement":[{"@type":"ListItem","position":1,"name":"Inicio","item":"https:\/\/agrolytics.org\/info\/"},{"@type":"ListItem","position":2,"name":"Seguros y Cr\u00e9dito"}]},{"@type":"WebSite","@id":"https:\/\/agrolytics.org\/info\/#website","url":"https:\/\/agrolytics.org\/info\/","name":"Agrolytics","description":"Inteligencia agroambiental","publisher":{"@id":"https:\/\/agrolytics.org\/info\/#organization"},"potentialAction":[{"@type":"SearchAction","target":{"@type":"EntryPoint","urlTemplate":"https:\/\/agrolytics.org\/info\/?s={search_term_string}"},"query-input":{"@type":"PropertyValueSpecification","valueRequired":true,"valueName":"search_term_string"}}],"inLanguage":"es"},{"@type":"Organization","@id":"https:\/\/agrolytics.org\/info\/#organization","name":"Agrolytics","url":"https:\/\/agrolytics.org\/info\/","logo":{"@type":"ImageObject","inLanguage":"es","@id":"https:\/\/agrolytics.org\/info\/#\/schema\/logo\/image\/","url":"https:\/\/agrolytics.org\/info\/wp-content\/uploads\/2019\/06\/logo-agrolytics.png","contentUrl":"https:\/\/agrolytics.org\/info\/wp-content\/uploads\/2019\/06\/logo-agrolytics.png","width":164,"height":164,"caption":"Agrolytics"},"image":{"@id":"https:\/\/agrolytics.org\/info\/#\/schema\/logo\/image\/"}}]}},"_links":{"self":[{"href":"https:\/\/agrolytics.org\/info\/wp-json\/wp\/v2\/pages\/259249","targetHints":{"allow":["GET"]}}],"collection":[{"href":"https:\/\/agrolytics.org\/info\/wp-json\/wp\/v2\/pages"}],"about":[{"href":"https:\/\/agrolytics.org\/info\/wp-json\/wp\/v2\/types\/page"}],"author":[{"embeddable":true,"href":"https:\/\/agrolytics.org\/info\/wp-json\/wp\/v2\/users\/1"}],"replies":[{"embeddable":true,"href":"https:\/\/agrolytics.org\/info\/wp-json\/wp\/v2\/comments?post=259249"}],"version-history":[{"count":12,"href":"https:\/\/agrolytics.org\/info\/wp-json\/wp\/v2\/pages\/259249\/revisions"}],"predecessor-version":[{"id":259287,"href":"https:\/\/agrolytics.org\/info\/wp-json\/wp\/v2\/pages\/259249\/revisions\/259287"}],"wp:attachment":[{"href":"https:\/\/agrolytics.org\/info\/wp-json\/wp\/v2\/media?parent=259249"}],"curies":[{"name":"wp","href":"https:\/\/api.w.org\/{rel}","templated":true}]}}