{"id":259243,"date":"2025-09-09T16:54:42","date_gmt":"2025-09-09T22:54:42","guid":{"rendered":"https:\/\/agrolytics.org\/info\/agricultura-2\/"},"modified":"2025-09-12T08:43:31","modified_gmt":"2025-09-12T14:43:31","slug":"biodiversity","status":"publish","type":"page","link":"https:\/\/agrolytics.org\/info\/biodiversity\/","title":{"rendered":"Biodiversidad"},"content":{"rendered":"<div class=\"wpb-content-wrapper\"><p>[vc_row][vc_column][vc_column_text css=&#8221;&#8221;]<\/p>\n<h1 data-pm-slice=\"1 1 []\">Distribuci\u00f3n de especies y prioridades de conservaci\u00f3n<\/h1>\n<p data-pm-slice=\"1 1 []\">Riqueza actual y futura, cobertura en <strong>AP<\/strong> y corredores para la resiliencia.<\/p>\n<p>[\/vc_column_text][\/vc_column][\/vc_row][vc_row el_id=&#8221;caracteristicas&#8221;][vc_column][vc_column_text css=&#8221;&#8221;]<\/p>\n<h2>Caracter\u00edsticas<\/h2>\n<p>[\/vc_column_text][vc_row_inner][vc_column_inner width=&#8221;1\/6&#8243;][vc_icon type=&#8221;material&#8221; icon_material=&#8221;vc-material vc-material-map&#8221; color=&#8221;green&#8221; size=&#8221;xl&#8221; css=&#8221;&#8221;][vc_column_text css=&#8221;&#8221;]<\/p>\n<p data-pm-slice=\"1 1 [&quot;list&quot;,{&quot;spread&quot;:false,&quot;start&quot;:3950,&quot;end&quot;:4274},&quot;regular_list_item&quot;,{&quot;start&quot;:3950,&quot;end&quot;:4042}]\"><strong>Distribuci\u00f3n por especie<\/strong><br \/>\nPresente y escenarios futuros: Cercano 2021\u20132040, Lejano 2041\u20132070.<\/p>\n<p>[\/vc_column_text][\/vc_column_inner][vc_column_inner width=&#8221;1\/6&#8243;][vc_icon type=&#8221;material&#8221; icon_material=&#8221;vc-material vc-material-info_outline&#8221; color=&#8221;green&#8221; size=&#8221;xl&#8221; css=&#8221;&#8221;][vc_column_text css=&#8221;&#8221;]<\/p>\n<p data-pm-slice=\"1 1 [&quot;list&quot;,{&quot;spread&quot;:false,&quot;start&quot;:3950,&quot;end&quot;:4274},&quot;regular_list_item&quot;,{&quot;start&quot;:4043,&quot;end&quot;:4088}]\"><strong>Riqueza potencial<\/strong><br \/>\npor suma de especies.<\/p>\n<p>[\/vc_column_text][\/vc_column_inner][vc_column_inner width=&#8221;1\/6&#8243;][vc_icon type=&#8221;material&#8221; icon_material=&#8221;vc-material vc-material-bug_report&#8221; color=&#8221;green&#8221; size=&#8221;xl&#8221; css=&#8221;&#8221;][vc_column_text css=&#8221;&#8221;]<\/p>\n<p data-pm-slice=\"1 1 [&quot;list&quot;,{&quot;spread&quot;:false,&quot;start&quot;:3950,&quot;end&quot;:4274},&quot;regular_list_item&quot;,{&quot;start&quot;:4089,&quot;end&quot;:4151}]\"><strong>Cobertura en AP y an\u00e1lisis gap<\/strong><br \/>\nVac\u00edos de conservaci\u00f3n.<\/p>\n<p>[\/vc_column_text][\/vc_column_inner][vc_column_inner width=&#8221;1\/6&#8243;][vc_icon type=&#8221;openiconic&#8221; icon_openiconic=&#8221;vc-oi vc-oi-doc&#8221; color=&#8221;green&#8221; size=&#8221;xl&#8221; css=&#8221;&#8221;][vc_column_text css=&#8221;&#8221;]<\/p>\n<p data-pm-slice=\"1 1 [&quot;list&quot;,{&quot;spread&quot;:false,&quot;start&quot;:3950,&quot;end&quot;:4274},&quot;regular_list_item&quot;,{&quot;start&quot;:4152,&quot;end&quot;:4230}]\"><strong>\u00c1reas prioritarias<\/strong><br \/>\ncon recomendaciones (corredores, restauraci\u00f3n, UMAs).<\/p>\n<p>[\/vc_column_text][\/vc_column_inner][vc_column_inner width=&#8221;1\/6&#8243;][vc_icon type=&#8221;openiconic&#8221; icon_openiconic=&#8221;vc-oi vc-oi-doc&#8221; color=&#8221;green&#8221; size=&#8221;xl&#8221; css=&#8221;&#8221;][vc_column_text css=&#8221;&#8221;]<\/p>\n<p data-pm-slice=\"1 1 [&quot;list&quot;,{&quot;spread&quot;:false,&quot;start&quot;:3950,&quot;end&quot;:4274},&quot;regular_list_item&quot;,{&quot;start&quot;:4231,&quot;end&quot;:4274}]\"><strong>Datasets<\/strong> y <strong>reportes<\/strong><br \/>\ndescargables.<\/p>\n<p>[\/vc_column_text][\/vc_column_inner][vc_column_inner width=&#8221;1\/6&#8243;][vc_icon type=&#8221;openiconic&#8221; icon_openiconic=&#8221;vc-oi vc-oi-doc&#8221; color=&#8221;green&#8221; size=&#8221;xl&#8221; css=&#8221;&#8221;][vc_column_text css=&#8221;&#8221;]<\/p>\n<p data-pm-slice=\"1 1 [&quot;list&quot;,{&quot;spread&quot;:false,&quot;start&quot;:2355,&quot;end&quot;:2782},&quot;regular_list_item&quot;,{&quot;start&quot;:2683,&quot;end&quot;:2782}]\"><strong>Integraci\u00f3n por API (MNE):<\/strong><br \/>\nendpoints de aptitud por p\u00edxel\/regi\u00f3n y<br \/>\n<strong>ranking<\/strong> por ubicaci\u00f3n.<\/p>\n<p>[\/vc_column_text][\/vc_column_inner][\/vc_row_inner][\/vc_column][\/vc_row][vc_row][vc_column width=&#8221;1\/2&#8243;][vc_column_text css=&#8221;&#8221;]<\/p>\n<h3 data-pm-slice=\"1 1 []\">C\u00f3mo funciona<\/h3>\n<p data-pm-slice=\"1 1 []\">La plataforma modela distribuciones y escenarios, cruza resultados con <strong>AP<\/strong> y usos de suelo y <strong>prioriza<\/strong> zonas cr\u00edticas, documentando supuestos y validaci\u00f3n autom\u00e1tica.<\/p>\n<p>[\/vc_column_text][\/vc_column][vc_column width=&#8221;1\/2&#8243;][vc_column_text css=&#8221;&#8221;]<\/p>\n<h3 data-pm-slice=\"1 1 []\">Usos frecuentes<\/h3>\n<ul>\n<li>Planeaci\u00f3n de conservaci\u00f3n y restauraci\u00f3n.<\/li>\n<li>Ordenamiento ecol\u00f3gico y evaluaci\u00f3n ambiental.<\/li>\n<li>Investigaci\u00f3n aplicada y monitoreo.<\/li>\n<\/ul>\n<p>[\/vc_column_text][\/vc_column][\/vc_row][vc_row el_id=&#8221;modulos&#8221;][vc_column][vc_column_text css=&#8221;&#8221;]<\/p>\n<h2>M\u00f3dulos y reportes<\/h2>\n<p>[\/vc_column_text][vc_row_inner][vc_column_inner width=&#8221;1\/4&#8243;][vc_icon icon_fontawesome=&#8221;fa fa-solid fa-file-lines&#8221; color=&#8221;green&#8221; css=&#8221;&#8221;][\/vc_column_inner][vc_column_inner width=&#8221;3\/4&#8243;][vc_column_text css=&#8221;&#8221;]<\/p>\n<p data-pm-slice=\"1 1 [&quot;list&quot;,{&quot;spread&quot;:false,&quot;start&quot;:5392,&quot;end&quot;:5739},&quot;regular_list_item&quot;,{&quot;start&quot;:5392,&quot;end&quot;:5562}]\"><strong> Riqueza Potencial y Escenarios<\/strong>: mapas presente\/futuro y deltas de cambio.<\/p>\n<p>[\/vc_column_text][\/vc_column_inner][\/vc_row_inner][vc_row_inner][vc_column_inner width=&#8221;1\/4&#8243;][vc_icon icon_fontawesome=&#8221;fa fa-solid fa-file-lines&#8221; color=&#8221;green&#8221; css=&#8221;&#8221;][\/vc_column_inner][vc_column_inner width=&#8221;3\/4&#8243;][vc_column_text css=&#8221;&#8221;]<\/p>\n<p data-pm-slice=\"1 1 [&quot;list&quot;,{&quot;spread&quot;:false,&quot;start&quot;:5392,&quot;end&quot;:5739},&quot;regular_list_item&quot;,{&quot;start&quot;:5563,&quot;end&quot;:5739}]\"><strong>AP prioritarias y an\u00e1lisis gap<\/strong>: vac\u00edos de conservaci\u00f3n y corredores con fichas por pol\u00edgono.<\/p>\n<p>[\/vc_column_text][\/vc_column_inner][\/vc_row_inner][vc_row_inner][vc_column_inner width=&#8221;1\/4&#8243;][\/vc_column_inner][vc_column_inner width=&#8221;3\/4&#8243;][\/vc_column_inner][\/vc_row_inner][\/vc_column][\/vc_row]<\/p>\n<\/div>","protected":false},"excerpt":{"rendered":"<p>[vc_row][vc_column][vc_column_text css=&#8221;&#8221;] Distribuci\u00f3n de especies y prioridades de conservaci\u00f3n Riqueza actual y futura, cobertura en AP y corredores para la resiliencia. [\/vc_column_text][\/vc_column][\/vc_row][vc_row el_id=&#8221;caracteristicas&#8221;][vc_column][vc_column_text css=&#8221;&#8221;] Caracter\u00edsticas [\/vc_column_text][vc_row_inner][vc_column_inner width=&#8221;1\/6&#8243;][vc_icon type=&#8221;material&#8221; icon_material=&#8221;vc-material vc-material-map&#8221; color=&#8221;green&#8221; size=&#8221;xl&#8221; css=&#8221;&#8221;][vc_column_text css=&#8221;&#8221;] Distribuci\u00f3n por especie Presente y escenarios futuros: Cercano 2021\u20132040, Lejano 2041\u20132070. [\/vc_column_text][\/vc_column_inner][vc_column_inner width=&#8221;1\/6&#8243;][vc_icon type=&#8221;material&#8221; icon_material=&#8221;vc-material vc-material-info_outline&#8221; color=&#8221;green&#8221; size=&#8221;xl&#8221; css=&#8221;&#8221;][vc_column_text css=&#8221;&#8221;] Riqueza &hellip; <a href=\"https:\/\/agrolytics.org\/info\/biodiversity\/\" class=\"more-link\">Continue reading <span class=\"screen-reader-text\">Biodiversidad<\/span><\/a><\/p>\n","protected":false},"author":1,"featured_media":0,"parent":0,"menu_order":3,"comment_status":"closed","ping_status":"closed","template":"","meta":{"_acf_changed":false,"footnotes":""},"class_list":["post-259243","page","type-page","status-publish","hentry"],"acf":[],"yoast_head":"<!-- This site is optimized with the Yoast SEO plugin v26.1.1 - https:\/\/yoast.com\/wordpress\/plugins\/seo\/ -->\n<title>Biodiversidad : Distribuci\u00f3n de especies y prioridades - Agrolytics<\/title>\n<meta name=\"description\" content=\"Modelos de distribuci\u00f3n presentes y futuros, mapas de riqueza, cobertura en AP y an\u00e1lisis gap. Entregas en reportes, mapas y datasets.\" \/>\n<meta name=\"robots\" content=\"index, follow, max-snippet:-1, max-image-preview:large, max-video-preview:-1\" \/>\n<link rel=\"canonical\" href=\"https:\/\/agrolytics.org\/info\/biodiversity\/\" \/>\n<meta property=\"og:locale\" content=\"es_MX\" \/>\n<meta property=\"og:type\" content=\"article\" \/>\n<meta property=\"og:title\" content=\"Biodiversidad : Distribuci\u00f3n de especies y prioridades - Agrolytics\" \/>\n<meta property=\"og:description\" content=\"Modelos de distribuci\u00f3n presentes y futuros, mapas de riqueza, cobertura en AP y an\u00e1lisis gap. Entregas en reportes, mapas y datasets.\" \/>\n<meta property=\"og:url\" content=\"https:\/\/agrolytics.org\/info\/biodiversity\/\" \/>\n<meta property=\"og:site_name\" content=\"Agrolytics\" \/>\n<meta property=\"article:modified_time\" content=\"2025-09-12T14:43:31+00:00\" \/>\n<meta name=\"twitter:card\" content=\"summary_large_image\" \/>\n<meta name=\"twitter:label1\" content=\"Tiempo de lectura\" \/>\n\t<meta name=\"twitter:data1\" content=\"2 minutos\" \/>\n<!-- \/ Yoast SEO plugin. -->","yoast_head_json":{"title":"Biodiversidad : Distribuci\u00f3n de especies y prioridades - Agrolytics","description":"Modelos de distribuci\u00f3n presentes y futuros, mapas de riqueza, cobertura en AP y an\u00e1lisis gap. Entregas en reportes, mapas y datasets.","robots":{"index":"index","follow":"follow","max-snippet":"max-snippet:-1","max-image-preview":"max-image-preview:large","max-video-preview":"max-video-preview:-1"},"canonical":"https:\/\/agrolytics.org\/info\/biodiversity\/","og_locale":"es_MX","og_type":"article","og_title":"Biodiversidad : Distribuci\u00f3n de especies y prioridades - Agrolytics","og_description":"Modelos de distribuci\u00f3n presentes y futuros, mapas de riqueza, cobertura en AP y an\u00e1lisis gap. Entregas en reportes, mapas y datasets.","og_url":"https:\/\/agrolytics.org\/info\/biodiversity\/","og_site_name":"Agrolytics","article_modified_time":"2025-09-12T14:43:31+00:00","twitter_card":"summary_large_image","twitter_misc":{"Tiempo de lectura":"2 minutos"},"schema":{"@context":"https:\/\/schema.org","@graph":[{"@type":"WebPage","@id":"https:\/\/agrolytics.org\/info\/biodiversity\/","url":"https:\/\/agrolytics.org\/info\/biodiversity\/","name":"Biodiversidad : Distribuci\u00f3n de especies y prioridades - Agrolytics","isPartOf":{"@id":"https:\/\/agrolytics.org\/info\/#website"},"datePublished":"2025-09-09T22:54:42+00:00","dateModified":"2025-09-12T14:43:31+00:00","description":"Modelos de distribuci\u00f3n presentes y futuros, mapas de riqueza, cobertura en AP y an\u00e1lisis gap. Entregas en reportes, mapas y datasets.","breadcrumb":{"@id":"https:\/\/agrolytics.org\/info\/biodiversity\/#breadcrumb"},"inLanguage":"es","potentialAction":[{"@type":"ReadAction","target":["https:\/\/agrolytics.org\/info\/biodiversity\/"]}]},{"@type":"BreadcrumbList","@id":"https:\/\/agrolytics.org\/info\/biodiversity\/#breadcrumb","itemListElement":[{"@type":"ListItem","position":1,"name":"Inicio","item":"https:\/\/agrolytics.org\/info\/"},{"@type":"ListItem","position":2,"name":"Biodiversidad"}]},{"@type":"WebSite","@id":"https:\/\/agrolytics.org\/info\/#website","url":"https:\/\/agrolytics.org\/info\/","name":"Agrolytics","description":"Inteligencia agroambiental","publisher":{"@id":"https:\/\/agrolytics.org\/info\/#organization"},"potentialAction":[{"@type":"SearchAction","target":{"@type":"EntryPoint","urlTemplate":"https:\/\/agrolytics.org\/info\/?s={search_term_string}"},"query-input":{"@type":"PropertyValueSpecification","valueRequired":true,"valueName":"search_term_string"}}],"inLanguage":"es"},{"@type":"Organization","@id":"https:\/\/agrolytics.org\/info\/#organization","name":"Agrolytics","url":"https:\/\/agrolytics.org\/info\/","logo":{"@type":"ImageObject","inLanguage":"es","@id":"https:\/\/agrolytics.org\/info\/#\/schema\/logo\/image\/","url":"https:\/\/agrolytics.org\/info\/wp-content\/uploads\/2019\/06\/logo-agrolytics.png","contentUrl":"https:\/\/agrolytics.org\/info\/wp-content\/uploads\/2019\/06\/logo-agrolytics.png","width":164,"height":164,"caption":"Agrolytics"},"image":{"@id":"https:\/\/agrolytics.org\/info\/#\/schema\/logo\/image\/"}}]}},"_links":{"self":[{"href":"https:\/\/agrolytics.org\/info\/wp-json\/wp\/v2\/pages\/259243","targetHints":{"allow":["GET"]}}],"collection":[{"href":"https:\/\/agrolytics.org\/info\/wp-json\/wp\/v2\/pages"}],"about":[{"href":"https:\/\/agrolytics.org\/info\/wp-json\/wp\/v2\/types\/page"}],"author":[{"embeddable":true,"href":"https:\/\/agrolytics.org\/info\/wp-json\/wp\/v2\/users\/1"}],"replies":[{"embeddable":true,"href":"https:\/\/agrolytics.org\/info\/wp-json\/wp\/v2\/comments?post=259243"}],"version-history":[{"count":4,"href":"https:\/\/agrolytics.org\/info\/wp-json\/wp\/v2\/pages\/259243\/revisions"}],"predecessor-version":[{"id":259258,"href":"https:\/\/agrolytics.org\/info\/wp-json\/wp\/v2\/pages\/259243\/revisions\/259258"}],"wp:attachment":[{"href":"https:\/\/agrolytics.org\/info\/wp-json\/wp\/v2\/media?parent=259243"}],"curies":[{"name":"wp","href":"https:\/\/api.w.org\/{rel}","templated":true}]}}