{"id":2012,"date":"2019-11-15T12:01:49","date_gmt":"2019-11-15T18:01:49","guid":{"rendered":"http:\/\/www.agrolytics.org\/?page_id=2012"},"modified":"2020-01-10T17:19:20","modified_gmt":"2020-01-10T23:19:20","slug":"contribuciones","status":"publish","type":"page","link":"https:\/\/agrolytics.org\/info\/acerca\/contribuciones\/","title":{"rendered":"Contribuciones"},"content":{"rendered":"<div class=\"wpb-content-wrapper\"><p>[vc_row full_width=&#8221;stretch_row&#8221;][vc_column][vc_column_text]<\/p>\r\n<h2 class=\"wp-block-heading\">\u00bfPorqu\u00e9 contribuir?<\/h2>\r\n<p>\r\n\r\nEl cambio clim\u00e1tico es un problema que nos afecta a todos. En Agrolytics buscamos contribuir al campo con los siguientes aspectos:<\/p>\r\n<p>\r\n\r\n1) Ayudar a mitigar el cambio clim\u00e1tico, facilitando informaci\u00f3n para el mejor aprovechamiento del campo, no abusando de los fertilizantes y pesticidas, seleccionando los cultivos m\u00e1s adecuados para las condiciones clim\u00e1ticas y de las propiedades de la tierra y por lo tanto, sembrando de forma m\u00e1s apropiada.<\/p>\r\n<p>\r\n\r\n2) Mejorando y\/o modificando los usos y costumbres para no abonar al cambio clim\u00e1tico.<\/p>\r\n<p>\r\n\r\nEn resumen, nuestra aportaci\u00f3n a la humanidad, a trav\u00e9s de la generaci\u00f3n de tecnolog\u00edas disruptivas, es facilitar informaci\u00f3n que le permita a los integrantes de la cadena productiva del sector agro-alimentario, preveer riesgos en la cosecha y hacer mejor uso de la tierra.<\/p>\r\n<p>\r\n\r\nPara lograrlo, necesitamos la contribuci\u00f3n de todos los involucrados. Las formas en las que puedes contribuir son las siguientes:<\/p>\r\n<p>\u00a0<\/p>\r\n<p>\r\n\r\n[\/vc_column_text][vc_tta_tabs style=&#8221;outline&#8221; shape=&#8221;rounded&#8221; color=&#8221;green&#8221; active_section=&#8221;1&#8243;][vc_tta_section title=&#8221;Gobiernos&#8221; tab_id=&#8221;1578697342917-f313cfae-2888&#8243;][vc_column_text]<\/p>\r\n\r\n<div id=\"wp-block-themeisle-blocks-advanced-columns-8b8cd9c9\" class=\"wp-block-themeisle-blocks-advanced-columns has-2-columns has-desktop-oneTwo-layout has-tablet-equal-layout has-mobile-collapsedRows-layout has-default-gap has-vertical-unset\">\r\n<div class=\"innerblocks-wrap\">\r\n<div id=\"wp-block-themeisle-blocks-advanced-column-21d5acd4\" class=\"wp-block-themeisle-blocks-advanced-column\">\r\n<h2 class=\"wp-block-heading\">Gobiernos<\/h2>\r\n<\/div>\r\n\r\n\r\n\r\n<div id=\"wp-block-themeisle-blocks-advanced-column-88bd9efd\" class=\"wp-block-themeisle-blocks-advanced-column\">\r\n<p>El gobierno es el principal facilitador de informaci\u00f3n en la industria agr\u00edcola.Ocupamos recursos financieros para generar la informaci\u00f3n y entregar los siguientes beneficios a los productores agr\u00edcolas.<\/p>\r\n<p>\r\n\r\nEl Grupo Intergubernamental de Expertos sobre el Cambio Clim\u00e1tico de la FAO, define Adaptaci\u00f3n como \u201clas iniciativas y medidas encaminadas a reducir la vulnerabilidad de los sistemas naturales y humanos ante los efectos reales o esperados de un cambio clim\u00e1tico\u201d. De acuerdo con el Grupo, existen diferentes tipos de adaptaci\u00f3n: preventiva y reactiva, privada y p\u00fablica, y aut\u00f3noma y planificada.<\/p>\r\n<p>\r\n\r\nSe reconoce que la adaptaci\u00f3n es un proceso de aprendizaje que requiere ser interdisciplinario, multidimensional y transversal, tomando en cuenta el conocimiento local y el papel de los individuos y las organizaciones de la sociedad civil.<\/p>\r\n<p>\r\n\r\nLa implementaci\u00f3n de acciones para la adaptaci\u00f3n al cambio clim\u00e1tico en M\u00e9xico, al igual que en muchos otros pa\u00edses con diferentes grados de desarrollo econ\u00f3mico, es una experiencia reciente.<\/p>\r\n<p>\r\n\r\nEl conocimiento sobre la mejor forma de adaptarse al cambio clim\u00e1tico se ha ido construyendo progresivamente. Dos aspectos importantes por considerar son:<br \/>(a) la incertidumbre que a\u00fan existe en torno a los impactos del cambio clim\u00e1tico \u2014su tipo, magnitud y naturaleza\u2014, incertidumbre que dificulta delimitar las acciones de adaptaci\u00f3n;<br \/>(b) el dinamismo de la vulnerabilidad a los impactos, que demanda la realizaci\u00f3n de evaluaciones peri\u00f3dicas para comprender mejor esos procesos.<\/p>\r\n<\/div>\r\n<\/div>\r\n<\/div>\r\n<p>\r\n\r\n[\/vc_column_text][\/vc_tta_section][vc_tta_section title=&#8221;ONGs y Plataformas de Datos Abiertos&#8221; tab_id=&#8221;1578697343027-6719b962-b90d&#8221;][vc_column_text]<\/p>\r\n<div id=\"wp-block-themeisle-blocks-advanced-column-db352f27\" class=\"wp-block-themeisle-blocks-advanced-column\">\r\n<h2>ONGs y Plataformas de datos abiertos<\/h2>\r\n<p><!-- \/wp:post-content --><\/p>\r\n<\/div>\r\n<p><!-- \/wp:themeisle-blocks\/advanced-column -->\u00a0<\/p>\r\n<!-- wp:themeisle-blocks\/advanced-column {\"id\":\"wp-block-themeisle-blocks-advanced-column-6ada1717\",\"columnWidth\":66.66} -->\r\n<div id=\"wp-block-themeisle-blocks-advanced-column-6ada1717\" class=\"wp-block-themeisle-blocks-advanced-column\">\r\n<p><!-- wp:paragraph -->Queremos colaborar, compartir datos e informaci\u00f3n. Si tu organizaci\u00f3n cuenta con bases de datos que se encuentren en posibilidad de hacerse p\u00fablicas, cont\u00e1ctenos y hagamos accesible la informaci\u00f3n.<br \/>En particular requerimos vincular las especies a cualquier dato que sea de utilidad para la cadena productiva agr\u00edcola<\/p>\r\n<\/div>\r\n<p>[\/vc_column_text][\/vc_tta_section][vc_tta_section title=&#8221;Empresas de procesamiento masivo de datos&#8221; tab_id=&#8221;1578697500577-bc48219e-d67b&#8221;][vc_column_text]<\/p>\r\n<div id=\"wp-block-themeisle-blocks-advanced-column-e4893d0b\" class=\"wp-block-themeisle-blocks-advanced-column\">\r\n<h2>Empresas de procesamiento masivo de datos<\/h2>\r\n<p><!-- \/wp:heading --><\/p>\r\n<\/div>\r\n<p><!-- \/wp:themeisle-blocks\/advanced-column -->\u00a0<\/p>\r\n<!-- wp:themeisle-blocks\/advanced-column {\"id\":\"wp-block-themeisle-blocks-advanced-column-3b07d01e\",\"columnWidth\":66.66} -->\r\n<div id=\"wp-block-themeisle-blocks-advanced-column-3b07d01e\" class=\"wp-block-themeisle-blocks-advanced-column\">\r\n<p><!-- wp:paragraph -->Ocupamos mucho poder de procesamiento y almacenamiento de datos.<\/p>\r\n<p><!-- \/wp:paragraph -->\r\n\r\n<!-- wp:paragraph -->La plataforma que hemos construido hace uso de modelos matem\u00e1ticos complejos y de procesamiento de grandes vol\u00famenes de datos.<\/p>\r\n<p><!-- \/wp:paragraph -->\r\n\r\n<!-- wp:paragraph -->Al final, generamos bases de datos que requieren almacenamiento tambi\u00e9n.<\/p>\r\n<p><!-- \/wp:paragraph -->\r\n\r\n<!-- wp:paragraph -->Si quieres apoyar el proyecto, estamos listos para hacer alianzas.<\/p>\r\n<\/div>\r\n<p>[\/vc_column_text][\/vc_tta_section][\/vc_tta_tabs][\/vc_column][\/vc_row][vc_row tm_textcolor=&#8221;dark&#8221; tm_bgcolor=&#8221;grey&#8221; css=&#8221;.vc_custom_1578697889242{padding: 20px !important;background-color: #e8e8e8 !important;border: 2px solid #000000 !important;border-radius: 2px !important;}&#8221;][vc_column][vc_row_inner][vc_column_inner][vc_column_text]<\/p>\r\n<h1 style=\"text-align: center;\">Agradecimientos<\/h1>\r\n<p>[\/vc_column_text][\/vc_column_inner][\/vc_row_inner][vc_row_inner][vc_column_inner width=&#8221;1\/2&#8243;][vc_column_text]<\/p>\r\n<h2><!-- \/wp:heading --> El equipo<\/h2>\r\n<!-- wp:themeisle-blocks\/advanced-columns {\"id\":\"wp-block-themeisle-blocks-advanced-columns-cf7e4bd0\",\"columns\":2,\"layout\":\"equal\",\"layoutMobile\":\"collapsedRows\"} -->\r\n<div id=\"wp-block-themeisle-blocks-advanced-columns-cf7e4bd0\" class=\"wp-block-themeisle-blocks-advanced-columns has-2-columns has-desktop-equal-layout has-tablet-equal-layout has-mobile-collapsedRows-layout has-default-gap has-vertical-unset\">\r\n<div class=\"innerblocks-wrap\"><!-- wp:themeisle-blocks\/advanced-column {\"id\":\"wp-block-themeisle-blocks-advanced-column-294ee615\",\"columnWidth\":50} -->\r\n<ul>\r\n<li id=\"wp-block-themeisle-blocks-advanced-column-294ee615\" class=\"wp-block-themeisle-blocks-advanced-column\"><!-- wp:paragraph -->Mtro. Nahim de Anda Mart\u00edn. Director de Proyecto<\/li>\r\n<li class=\"wp-block-themeisle-blocks-advanced-column\">Dr. Enrique Martinez Meyer. Geogr\u00e1f\u00eda y Biolog\u00eda. Especialista en Modelados de Nicho<\/li>\r\n<li class=\"wp-block-themeisle-blocks-advanced-column\">Dr. Luis Osorio Olvera. Edafolog\u00eda. Modelados de Nicho<\/li>\r\n<li class=\"wp-block-themeisle-blocks-advanced-column\">Dr. Carlos Torres Guerrero. Edafolog\u00eda y evaluaci\u00f3n ambiental. Modelo FAO<\/li>\r\n<li class=\"wp-block-themeisle-blocks-advanced-column\">Ing. Luis Gerardo Martinez. Ingeniero Agr\u00edcola<\/li>\r\n<li class=\"wp-block-themeisle-blocks-advanced-column\">Ing. Javier Solis Gonzalez. Dise\u00f1o electr\u00f3nico y desarrollo de software<\/li>\r\n<li class=\"wp-block-themeisle-blocks-advanced-column\">Ing. Jose Maria P\u00e9rez Parrillat. Desarrollo de software<\/li>\r\n<li class=\"wp-block-themeisle-blocks-advanced-column\">Juan Antonio Fern\u00e1ndez Arias. An\u00e1lisis de bases de datos<\/li>\r\n<li class=\"wp-block-themeisle-blocks-advanced-column\">Ing. Luis Angel Jazm\u00edn Rodriguez. Dise\u00f1o Industrial<\/li>\r\n<li class=\"wp-block-themeisle-blocks-advanced-column\">Lic. Rogelio Esperon Rodriguez. Dise\u00f1o Grafico<\/li>\r\n<li>Lic. Isaac Lemus Mart\u00edn. Gesti\u00f3n de Proyecto<\/li>\r\n<li>Lic. Mauricio Silva Mej\u00eda. Vinculaci\u00f3n &#8211; Centro-Norte de M\u00e9xico<\/li>\r\n<li class=\"wp-block-themeisle-blocks-advanced-column\">Mtra. Anne Laure Dietrich. Vinculaci\u00f3n &#8211; Francia<\/li>\r\n<li class=\"wp-block-themeisle-blocks-advanced-column\">Ing. Daniel Tellez Sab\u00e1n. Vinculaci\u00f3n &#8211; Espa\u00f1a<\/li>\r\n<li>Edgar Cano Dominguez. Apoyo plataforma de educaci\u00f3n<\/li>\r\n<\/ul>\r\n<\/div>\r\n<\/div>\r\n<p>[\/vc_column_text][\/vc_column_inner][vc_column_inner width=&#8221;1\/2&#8243;][vc_column_text]<!-- \/wp:heading --><\/p>\r\n<p><!-- wp:paragraph -->Agradecemos a las siguientes empresas y servicios en l\u00ednea, ya que gracias a sus aportaciones de datos abiertos y software libre hemos podido construir Agrolytics.<\/p>\r\n<p><strong><br \/>Sistemas de Informaci\u00f3n<\/strong><\/p>\r\n<p><!-- \/wp:paragraph -->\r\n\r\n<!-- wp:paragraph --><a href=\"https:\/\/www.globalbioticinteractions.org\/about.html\">Global Biotic Interactions (GloBI) <\/a><\/p>\r\n<p><strong><br \/>Software<\/strong><\/p>\r\n<p><a href=\"https:\/\/wordpress.org\/\">WordPress<\/a><br \/><a href=\"http:\/\/www.semanticwebbuilder.org.mx\/es_mx\/swb\/Forms\">Semantic Web Forms de Infotec <\/a><br \/><a href=\"https:\/\/moodle.org\/\">Moodle<\/a><br \/><a href=\"https:\/\/rstudio.com\/\">R Studio<\/a><br \/><a href=\"https:\/\/www.python.org\/\">Python<\/a><br \/><a href=\"https:\/\/www.centos.org\/\">Linux (Centos)<\/a><br \/><a href=\"http:\/\/www.mariadb.com\/\u200e\">MariaDB<\/a><\/p>\r\n<p><!-- \/wp:paragraph -->\u00a0<\/p>\r\n<!-- wp:heading -->\r\n<div id=\"wp-block-themeisle-blocks-advanced-columns-cf7e4bd0\" class=\"wp-block-themeisle-blocks-advanced-columns has-2-columns has-desktop-equal-layout has-tablet-equal-layout has-mobile-collapsedRows-layout has-default-gap has-vertical-unset\">\r\n<div class=\"innerblocks-wrap\">\r\n<div id=\"wp-block-themeisle-blocks-advanced-column-67814860\" class=\"wp-block-themeisle-blocks-advanced-column\"><!-- \/wp:paragraph --><\/div>\r\n<\/div>\r\n<\/div>\r\n<p>[\/vc_column_text][\/vc_column_inner][\/vc_row_inner][\/vc_column][\/vc_row]<\/p><\/div>","protected":false},"excerpt":{"rendered":"<p>[vc_row full_width=&#8221;stretch_row&#8221;][vc_column][vc_column_text] \u00bfPorqu\u00e9 contribuir? El cambio clim\u00e1tico es un problema que nos afecta a todos. En Agrolytics buscamos contribuir al campo con los siguientes aspectos: 1) Ayudar a mitigar el cambio clim\u00e1tico, facilitando informaci\u00f3n para el mejor aprovechamiento del campo, no abusando de los fertilizantes y pesticidas, seleccionando los cultivos m\u00e1s adecuados para las condiciones &hellip; <a href=\"https:\/\/agrolytics.org\/info\/acerca\/contribuciones\/\" class=\"more-link\">Continue reading <span class=\"screen-reader-text\">Contribuciones<\/span><\/a><\/p>\n","protected":false},"author":1,"featured_media":0,"parent":2003,"menu_order":3,"comment_status":"closed","ping_status":"closed","template":"","meta":{"_acf_changed":false,"footnotes":""},"class_list":["post-2012","page","type-page","status-publish","hentry"],"acf":[],"yoast_head":"<!-- This site is optimized with the Yoast SEO plugin v26.1.1 - https:\/\/yoast.com\/wordpress\/plugins\/seo\/ -->\n<title>Contribuciones - Agrolytics<\/title>\n<meta name=\"robots\" content=\"index, follow, max-snippet:-1, max-image-preview:large, max-video-preview:-1\" \/>\n<link rel=\"canonical\" href=\"https:\/\/agrolytics.org\/info\/acerca\/contribuciones\/\" \/>\n<meta property=\"og:locale\" content=\"es_MX\" \/>\n<meta property=\"og:type\" content=\"article\" \/>\n<meta property=\"og:title\" content=\"Contribuciones - Agrolytics\" \/>\n<meta property=\"og:description\" content=\"[vc_row full_width=&#8221;stretch_row&#8221;][vc_column][vc_column_text] \u00bfPorqu\u00e9 contribuir? El cambio clim\u00e1tico es un problema que nos afecta a todos. En Agrolytics buscamos contribuir al campo con los siguientes aspectos: 1) Ayudar a mitigar el cambio clim\u00e1tico, facilitando informaci\u00f3n para el mejor aprovechamiento del campo, no abusando de los fertilizantes y pesticidas, seleccionando los cultivos m\u00e1s adecuados para las condiciones &hellip; Continue reading Contribuciones\" \/>\n<meta property=\"og:url\" content=\"https:\/\/agrolytics.org\/info\/acerca\/contribuciones\/\" \/>\n<meta property=\"og:site_name\" content=\"Agrolytics\" \/>\n<meta property=\"article:modified_time\" content=\"2020-01-10T23:19:20+00:00\" \/>\n<meta name=\"twitter:card\" content=\"summary_large_image\" \/>\n<meta name=\"twitter:label1\" content=\"Tiempo de lectura\" \/>\n\t<meta name=\"twitter:data1\" content=\"4 minutos\" \/>\n<!-- \/ Yoast SEO plugin. -->","yoast_head_json":{"title":"Contribuciones - Agrolytics","robots":{"index":"index","follow":"follow","max-snippet":"max-snippet:-1","max-image-preview":"max-image-preview:large","max-video-preview":"max-video-preview:-1"},"canonical":"https:\/\/agrolytics.org\/info\/acerca\/contribuciones\/","og_locale":"es_MX","og_type":"article","og_title":"Contribuciones - Agrolytics","og_description":"[vc_row full_width=&#8221;stretch_row&#8221;][vc_column][vc_column_text] \u00bfPorqu\u00e9 contribuir? El cambio clim\u00e1tico es un problema que nos afecta a todos. En Agrolytics buscamos contribuir al campo con los siguientes aspectos: 1) Ayudar a mitigar el cambio clim\u00e1tico, facilitando informaci\u00f3n para el mejor aprovechamiento del campo, no abusando de los fertilizantes y pesticidas, seleccionando los cultivos m\u00e1s adecuados para las condiciones &hellip; Continue reading Contribuciones","og_url":"https:\/\/agrolytics.org\/info\/acerca\/contribuciones\/","og_site_name":"Agrolytics","article_modified_time":"2020-01-10T23:19:20+00:00","twitter_card":"summary_large_image","twitter_misc":{"Tiempo de lectura":"4 minutos"},"schema":{"@context":"https:\/\/schema.org","@graph":[{"@type":"WebPage","@id":"https:\/\/agrolytics.org\/info\/acerca\/contribuciones\/","url":"https:\/\/agrolytics.org\/info\/acerca\/contribuciones\/","name":"Contribuciones - Agrolytics","isPartOf":{"@id":"https:\/\/agrolytics.org\/info\/#website"},"datePublished":"2019-11-15T18:01:49+00:00","dateModified":"2020-01-10T23:19:20+00:00","breadcrumb":{"@id":"https:\/\/agrolytics.org\/info\/acerca\/contribuciones\/#breadcrumb"},"inLanguage":"es","potentialAction":[{"@type":"ReadAction","target":["https:\/\/agrolytics.org\/info\/acerca\/contribuciones\/"]}]},{"@type":"BreadcrumbList","@id":"https:\/\/agrolytics.org\/info\/acerca\/contribuciones\/#breadcrumb","itemListElement":[{"@type":"ListItem","position":1,"name":"Inicio","item":"https:\/\/agrolytics.org\/info\/"},{"@type":"ListItem","position":2,"name":"Agrolytics","item":"https:\/\/agrolytics.org\/info\/"},{"@type":"ListItem","position":3,"name":"Contribuciones"}]},{"@type":"WebSite","@id":"https:\/\/agrolytics.org\/info\/#website","url":"https:\/\/agrolytics.org\/info\/","name":"Agrolytics","description":"Inteligencia agroambiental","publisher":{"@id":"https:\/\/agrolytics.org\/info\/#organization"},"potentialAction":[{"@type":"SearchAction","target":{"@type":"EntryPoint","urlTemplate":"https:\/\/agrolytics.org\/info\/?s={search_term_string}"},"query-input":{"@type":"PropertyValueSpecification","valueRequired":true,"valueName":"search_term_string"}}],"inLanguage":"es"},{"@type":"Organization","@id":"https:\/\/agrolytics.org\/info\/#organization","name":"Agrolytics","url":"https:\/\/agrolytics.org\/info\/","logo":{"@type":"ImageObject","inLanguage":"es","@id":"https:\/\/agrolytics.org\/info\/#\/schema\/logo\/image\/","url":"https:\/\/agrolytics.org\/info\/wp-content\/uploads\/2019\/06\/logo-agrolytics.png","contentUrl":"https:\/\/agrolytics.org\/info\/wp-content\/uploads\/2019\/06\/logo-agrolytics.png","width":164,"height":164,"caption":"Agrolytics"},"image":{"@id":"https:\/\/agrolytics.org\/info\/#\/schema\/logo\/image\/"}}]}},"_links":{"self":[{"href":"https:\/\/agrolytics.org\/info\/wp-json\/wp\/v2\/pages\/2012","targetHints":{"allow":["GET"]}}],"collection":[{"href":"https:\/\/agrolytics.org\/info\/wp-json\/wp\/v2\/pages"}],"about":[{"href":"https:\/\/agrolytics.org\/info\/wp-json\/wp\/v2\/types\/page"}],"author":[{"embeddable":true,"href":"https:\/\/agrolytics.org\/info\/wp-json\/wp\/v2\/users\/1"}],"replies":[{"embeddable":true,"href":"https:\/\/agrolytics.org\/info\/wp-json\/wp\/v2\/comments?post=2012"}],"version-history":[{"count":17,"href":"https:\/\/agrolytics.org\/info\/wp-json\/wp\/v2\/pages\/2012\/revisions"}],"predecessor-version":[{"id":2369,"href":"https:\/\/agrolytics.org\/info\/wp-json\/wp\/v2\/pages\/2012\/revisions\/2369"}],"up":[{"embeddable":true,"href":"https:\/\/agrolytics.org\/info\/wp-json\/wp\/v2\/pages\/2003"}],"wp:attachment":[{"href":"https:\/\/agrolytics.org\/info\/wp-json\/wp\/v2\/media?parent=2012"}],"curies":[{"name":"wp","href":"https:\/\/api.w.org\/{rel}","templated":true}]}}