{"id":2006,"date":"2019-11-15T11:35:22","date_gmt":"2019-11-15T17:35:22","guid":{"rendered":"http:\/\/www.agrolytics.org\/?page_id=2006"},"modified":"2025-01-27T08:04:10","modified_gmt":"2025-01-27T14:04:10","slug":"funcionalidades","status":"publish","type":"page","link":"https:\/\/agrolytics.org\/info\/acerca\/funcionalidades\/","title":{"rendered":"Funcionalidades"},"content":{"rendered":"<div class=\"wpb-content-wrapper\"><p>[vc_row][vc_column width=&#8221;1\/3&#8243; css=&#8221;.vc_custom_1732949499891{border: 1px initial #81D742 !important;}&#8221;][vc_icon type=&#8221;openiconic&#8221; icon_openiconic=&#8221;vc-oi vc-oi-sun-inv&#8221; color=&#8221;green&#8221; background_style=&#8221;rounded&#8221; background_color=&#8221;green&#8221; size=&#8221;xl&#8221; align=&#8221;center&#8221; css=&#8221;&#8221;][vc_column_text css=&#8221;&#8221;]<\/p>\n<h4 style=\"text-align: center;\"><strong>Factibilidad clim\u00e1tica de especies<\/strong><\/h4>\n<p>[\/vc_column_text][vc_column_text]<\/p>\n<ul>\n<li>Identificamos la factibilidad clim\u00e1tica del producto que se desea sembrar, as\u00ed como de los pat\u00f3genos que la afectan.<\/li>\n<li>Recomendamos el tipo de especie que conviene sembrar.<\/li>\n<li>Publicamos mapas de factibilidad clim\u00e1tica por especie agr\u00edcola y pat\u00f3genos por regi\u00f3n.<\/li>\n<\/ul>\n<p>[\/vc_column_text][\/vc_column][vc_column width=&#8221;1\/3&#8243;][vc_icon][vc_column_text css=&#8221;&#8221;]<\/p>\n<h4 style=\"text-align: center;\"><strong>Prevenci\u00f3n de plagas<\/strong><\/h4>\n<p>[\/vc_column_text][vc_column_text]<\/p>\n<p>Con base en cada producto agr\u00edcola:<\/p>\n<ul>\n<li>An\u00e1lisis de factibilidad clim\u00e1tica de pat\u00f3genos.<\/li>\n<li>Notificaciones de riesgos fito-sanitarios v\u00eda la Aplicaci\u00f3n M\u00f3vil.<\/li>\n<li>Consulta de pat\u00f3genos, control de plagas y enfermedades.<\/li>\n<li>Foros de colaboraci\u00f3n entre productores.<\/li>\n<li>Identificamos la factibilidad clim\u00e1tica de los pat\u00f3genos que pueden afectar una parcela geo-localizada.<\/li>\n<li>Publicaci\u00f3n de mapas de riesgo por pat\u00f3geno.<\/li>\n<\/ul>\n<p>[\/vc_column_text][\/vc_column][vc_column width=&#8221;1\/3&#8243;][vc_icon][vc_column_text css=&#8221;&#8221;]<\/p>\n<h4 style=\"text-align: center;\"><strong>An\u00e1lisis de condiciones del suelo<\/strong><\/h4>\n<p>[\/vc_column_text][vc_column_text]<\/p>\n<ul>\n<li>Identificamos, con un kit de an\u00e1lisis qu\u00edmico y la aplicaci\u00f3n m\u00f3vil, las condiciones de nutrimentos del suelo, para determinar la viabilidad del producto en espec\u00edfico que se desea sembrar.<\/li>\n<li>Con base en el an\u00e1lisis de nutrimentos y la geo-localizaci\u00f3n de la parcela, a trav\u00e9s de la aplicaci\u00f3n m\u00f3vil identificamos:<br \/>\n(a) \u00bfQu\u00e9 tan favorable es la tierra para el producto que se desea sembrar?<br \/>\n(b) \u00bfQu\u00e9 producto conviene sembrar?<\/li>\n<\/ul>\n<p>[\/vc_column_text][\/vc_column][\/vc_row]<\/p>\n<\/div>","protected":false},"excerpt":{"rendered":"<p>[vc_row][vc_column width=&#8221;1\/3&#8243; css=&#8221;.vc_custom_1732949499891{border: 1px initial #81D742 !important;}&#8221;][vc_icon type=&#8221;openiconic&#8221; icon_openiconic=&#8221;vc-oi vc-oi-sun-inv&#8221; color=&#8221;green&#8221; background_style=&#8221;rounded&#8221; background_color=&#8221;green&#8221; size=&#8221;xl&#8221; align=&#8221;center&#8221; css=&#8221;&#8221;][vc_column_text css=&#8221;&#8221;] Factibilidad clim\u00e1tica de especies [\/vc_column_text][vc_column_text] Identificamos la factibilidad clim\u00e1tica del producto que se desea sembrar, as\u00ed como de los pat\u00f3genos que la afectan. Recomendamos el tipo de especie que conviene sembrar. Publicamos mapas de factibilidad clim\u00e1tica por especie &hellip; <a href=\"https:\/\/agrolytics.org\/info\/acerca\/funcionalidades\/\" class=\"more-link\">Continue reading <span class=\"screen-reader-text\">Funcionalidades<\/span><\/a><\/p>\n","protected":false},"author":1,"featured_media":0,"parent":2003,"menu_order":2,"comment_status":"closed","ping_status":"closed","template":"","meta":{"_acf_changed":false,"footnotes":""},"class_list":["post-2006","page","type-page","status-publish","hentry"],"acf":[],"yoast_head":"<!-- This site is optimized with the Yoast SEO plugin v26.1.1 - https:\/\/yoast.com\/wordpress\/plugins\/seo\/ -->\n<title>Funcionalidades - Agrolytics<\/title>\n<meta name=\"robots\" content=\"index, follow, max-snippet:-1, max-image-preview:large, max-video-preview:-1\" \/>\n<link rel=\"canonical\" href=\"https:\/\/agrolytics.org\/info\/acerca\/funcionalidades\/\" \/>\n<meta property=\"og:locale\" content=\"es_MX\" \/>\n<meta property=\"og:type\" content=\"article\" \/>\n<meta property=\"og:title\" content=\"Funcionalidades - Agrolytics\" \/>\n<meta property=\"og:description\" content=\"[vc_row][vc_column width=&#8221;1\/3&#8243; css=&#8221;.vc_custom_1732949499891{border: 1px initial #81D742 !important;}&#8221;][vc_icon type=&#8221;openiconic&#8221; icon_openiconic=&#8221;vc-oi vc-oi-sun-inv&#8221; color=&#8221;green&#8221; background_style=&#8221;rounded&#8221; background_color=&#8221;green&#8221; size=&#8221;xl&#8221; align=&#8221;center&#8221; css=&#8221;&#8221;][vc_column_text css=&#8221;&#8221;] Factibilidad clim\u00e1tica de especies [\/vc_column_text][vc_column_text] Identificamos la factibilidad clim\u00e1tica del producto que se desea sembrar, as\u00ed como de los pat\u00f3genos que la afectan. Recomendamos el tipo de especie que conviene sembrar. Publicamos mapas de factibilidad clim\u00e1tica por especie &hellip; Continue reading Funcionalidades\" \/>\n<meta property=\"og:url\" content=\"https:\/\/agrolytics.org\/info\/acerca\/funcionalidades\/\" \/>\n<meta property=\"og:site_name\" content=\"Agrolytics\" \/>\n<meta property=\"article:modified_time\" content=\"2025-01-27T14:04:10+00:00\" \/>\n<meta name=\"twitter:card\" content=\"summary_large_image\" \/>\n<meta name=\"twitter:label1\" content=\"Tiempo de lectura\" \/>\n\t<meta name=\"twitter:data1\" content=\"1 minuto\" \/>\n<!-- \/ Yoast SEO plugin. -->","yoast_head_json":{"title":"Funcionalidades - Agrolytics","robots":{"index":"index","follow":"follow","max-snippet":"max-snippet:-1","max-image-preview":"max-image-preview:large","max-video-preview":"max-video-preview:-1"},"canonical":"https:\/\/agrolytics.org\/info\/acerca\/funcionalidades\/","og_locale":"es_MX","og_type":"article","og_title":"Funcionalidades - Agrolytics","og_description":"[vc_row][vc_column width=&#8221;1\/3&#8243; css=&#8221;.vc_custom_1732949499891{border: 1px initial #81D742 !important;}&#8221;][vc_icon type=&#8221;openiconic&#8221; icon_openiconic=&#8221;vc-oi vc-oi-sun-inv&#8221; color=&#8221;green&#8221; background_style=&#8221;rounded&#8221; background_color=&#8221;green&#8221; size=&#8221;xl&#8221; align=&#8221;center&#8221; css=&#8221;&#8221;][vc_column_text css=&#8221;&#8221;] Factibilidad clim\u00e1tica de especies [\/vc_column_text][vc_column_text] Identificamos la factibilidad clim\u00e1tica del producto que se desea sembrar, as\u00ed como de los pat\u00f3genos que la afectan. Recomendamos el tipo de especie que conviene sembrar. Publicamos mapas de factibilidad clim\u00e1tica por especie &hellip; Continue reading Funcionalidades","og_url":"https:\/\/agrolytics.org\/info\/acerca\/funcionalidades\/","og_site_name":"Agrolytics","article_modified_time":"2025-01-27T14:04:10+00:00","twitter_card":"summary_large_image","twitter_misc":{"Tiempo de lectura":"1 minuto"},"schema":{"@context":"https:\/\/schema.org","@graph":[{"@type":"WebPage","@id":"https:\/\/agrolytics.org\/info\/acerca\/funcionalidades\/","url":"https:\/\/agrolytics.org\/info\/acerca\/funcionalidades\/","name":"Funcionalidades - Agrolytics","isPartOf":{"@id":"https:\/\/agrolytics.org\/info\/#website"},"datePublished":"2019-11-15T17:35:22+00:00","dateModified":"2025-01-27T14:04:10+00:00","breadcrumb":{"@id":"https:\/\/agrolytics.org\/info\/acerca\/funcionalidades\/#breadcrumb"},"inLanguage":"es","potentialAction":[{"@type":"ReadAction","target":["https:\/\/agrolytics.org\/info\/acerca\/funcionalidades\/"]}]},{"@type":"BreadcrumbList","@id":"https:\/\/agrolytics.org\/info\/acerca\/funcionalidades\/#breadcrumb","itemListElement":[{"@type":"ListItem","position":1,"name":"Inicio","item":"https:\/\/agrolytics.org\/info\/"},{"@type":"ListItem","position":2,"name":"Agrolytics","item":"https:\/\/agrolytics.org\/info\/"},{"@type":"ListItem","position":3,"name":"Funcionalidades"}]},{"@type":"WebSite","@id":"https:\/\/agrolytics.org\/info\/#website","url":"https:\/\/agrolytics.org\/info\/","name":"Agrolytics","description":"Inteligencia agroambiental","publisher":{"@id":"https:\/\/agrolytics.org\/info\/#organization"},"potentialAction":[{"@type":"SearchAction","target":{"@type":"EntryPoint","urlTemplate":"https:\/\/agrolytics.org\/info\/?s={search_term_string}"},"query-input":{"@type":"PropertyValueSpecification","valueRequired":true,"valueName":"search_term_string"}}],"inLanguage":"es"},{"@type":"Organization","@id":"https:\/\/agrolytics.org\/info\/#organization","name":"Agrolytics","url":"https:\/\/agrolytics.org\/info\/","logo":{"@type":"ImageObject","inLanguage":"es","@id":"https:\/\/agrolytics.org\/info\/#\/schema\/logo\/image\/","url":"https:\/\/agrolytics.org\/info\/wp-content\/uploads\/2019\/06\/logo-agrolytics.png","contentUrl":"https:\/\/agrolytics.org\/info\/wp-content\/uploads\/2019\/06\/logo-agrolytics.png","width":164,"height":164,"caption":"Agrolytics"},"image":{"@id":"https:\/\/agrolytics.org\/info\/#\/schema\/logo\/image\/"}}]}},"_links":{"self":[{"href":"https:\/\/agrolytics.org\/info\/wp-json\/wp\/v2\/pages\/2006","targetHints":{"allow":["GET"]}}],"collection":[{"href":"https:\/\/agrolytics.org\/info\/wp-json\/wp\/v2\/pages"}],"about":[{"href":"https:\/\/agrolytics.org\/info\/wp-json\/wp\/v2\/types\/page"}],"author":[{"embeddable":true,"href":"https:\/\/agrolytics.org\/info\/wp-json\/wp\/v2\/users\/1"}],"replies":[{"embeddable":true,"href":"https:\/\/agrolytics.org\/info\/wp-json\/wp\/v2\/comments?post=2006"}],"version-history":[{"count":30,"href":"https:\/\/agrolytics.org\/info\/wp-json\/wp\/v2\/pages\/2006\/revisions"}],"predecessor-version":[{"id":259211,"href":"https:\/\/agrolytics.org\/info\/wp-json\/wp\/v2\/pages\/2006\/revisions\/259211"}],"up":[{"embeddable":true,"href":"https:\/\/agrolytics.org\/info\/wp-json\/wp\/v2\/pages\/2003"}],"wp:attachment":[{"href":"https:\/\/agrolytics.org\/info\/wp-json\/wp\/v2\/media?parent=2006"}],"curies":[{"name":"wp","href":"https:\/\/api.w.org\/{rel}","templated":true}]}}