{"id":2003,"date":"2019-11-15T11:34:43","date_gmt":"2019-11-15T17:34:43","guid":{"rendered":"http:\/\/www.agrolytics.org\/?page_id=2003"},"modified":"2025-09-09T17:18:24","modified_gmt":"2025-09-09T23:18:24","slug":"acerca","status":"publish","type":"page","link":"https:\/\/agrolytics.org\/info\/","title":{"rendered":"Agrolytics"},"content":{"rendered":"<div class=\"wpb-content-wrapper\"><p>[vc_row][vc_column width=&#8221;1\/2&#8243;][vc_single_image image=&#8221;1993&#8243; img_size=&#8221;large&#8221; alignment=&#8221;center&#8221; css=&#8221;&#8221;][vc_column_text]<\/p>\n<p style=\"text-align: center;\"><strong><em>&#8220;El cambio clim\u00e1tico es el problema que define nuestra \u00e9poca, y \u00e9ste es un momento crucial.&#8221;<br \/>\n<\/em><\/strong><a href=\"https:\/\/www.un.org\/es\/sections\/issues-depth\/climate-change\/index.html\">Ant\u00f3nio Guterres, Secretario General de la ONU<\/a><\/p>\n<p>[\/vc_column_text][\/vc_column][vc_column width=&#8221;1\/2&#8243;][vc_column_text]<\/p>\n<h2 class=\"wp-block-heading\">\u00bfPor qu\u00e9 agrolytics?<\/h2>\n<p><!-- \/wp:post-content -->[\/vc_column_text][vc_column_text css=&#8221;&#8221;]<!-- wp:heading \/-->El <a href=\"https:\/\/agrolytics.org\/info\/acerca\/cambio-climatico\/\"><strong>cambio clim\u00e1tico<\/strong><\/a> nos afecta a todos.<\/p>\n<p>A nivel mundial, causar\u00e1 en el corto plazo problemas de <strong>sanidad alimentaria<\/strong>, en el mediano plazo cambiar\u00e1n los aspectos<strong> socio-econ\u00f3micos<\/strong> globales, en el largo plazo, la misma <strong>preservaci\u00f3n de la vida<\/strong>.<\/p>\n<p>Con base en los estudios publicados por la <strong>FAO<\/strong>, la<strong> falta de informaci\u00f3n<\/strong>, sumada a ciertos <strong>usos y costumbres<\/strong> en el <strong>sector agr\u00edcola<\/strong>, favorecen exponencialmente el cambio clim\u00e1tico.<\/p>\n<p>Por lo tanto, Agrolytics fue creado bajo la <strong>conciencia<\/strong> del contexto actual y la necesidad de contar con una <strong>comprensi\u00f3n<\/strong> com\u00fan del problema, <strong>empoderando<\/strong> con informaci\u00f3n al <strong>sector agro-alimentario<\/strong>.[\/vc_column_text][\/vc_column][\/vc_row][vc_row tm_textcolor=&#8221;white&#8221; tm_bgcolor=&#8221;darkgrey&#8221; full_width=&#8221;stretch_row&#8221; css=&#8221;.vc_custom_1578679535389{background-position: 0 0 !important;background-repeat: no-repeat !important;}&#8221;][vc_column width=&#8221;1\/2&#8243;][vc_column_text]<!-- wp:heading --><\/p>\n<h2><strong>Prop\u00f3sito<\/strong><\/h2>\n<p><!-- \/wp:heading --><!-- \/wp:heading -->[\/vc_column_text][vc_column_text css=&#8221;&#8221;]<\/p>\n<p data-pm-slice=\"1 1 []\">Democratizar la inteligencia agroambiental para acelerar la adaptaci\u00f3n al cambio clim\u00e1tico, la conservaci\u00f3n de la biodiversidad y la productividad sostenible.<\/p>\n<!-- \/wp:paragraph -->\n<!-- wp:heading -->[\/vc_column_text][vc_column_text css=&#8221;&#8221;]<!-- wp:heading --><!-- \/wp:heading --><!-- \/wp:paragraph --><!-- \/wp:paragraph -->\n<p><!-- wp:paragraph --><strong>Lo hacemos, <\/strong>contribuyendo en la<strong> seguridad alimentaria<\/strong> mundial, facilitando a los actores involucrados en la cadena de <strong>producci\u00f3n agro-alimentaria<\/strong> del mundo, <strong>informaci\u00f3n<\/strong> valiosa (relevante) y oportuna (vigente), contextual, espacio-temporal (geo-referenciada), ambiental y social, de las especies para siembra y su <a href=\"https:\/\/agrolytics.org\/info\/acerca\/cambio-climatico\/#factibilidad-climatica\"><strong>factibilidad clim\u00e1tica<\/strong><\/a>.<\/p>\n<p><strong>Buscamos mitigar los riesgos agr\u00edcolas<\/strong> que podr\u00edan afectar las cosechas.<!-- \/wp:paragraph --><\/p>\n<p><!-- wp:heading -->[\/vc_column_text][\/vc_column][vc_column width=&#8221;1\/2&#8243;][vc_single_image image=&#8221;2293&#8243; img_size=&#8221;medium&#8221; alignment=&#8221;center&#8221; style=&#8221;vc_box_border_circle_2&#8243; border_color=&#8221;green&#8221;][\/vc_column][\/vc_row][vc_row][vc_column width=&#8221;1\/2&#8243;][vc_single_image image=&#8221;2307&#8243; img_size=&#8221;full&#8221; alignment=&#8221;center&#8221;][vc_column_text]<\/p>\n<p style=\"text-align: center;\"><strong><em>&#8220;La tecnolog\u00eda est\u00e1 de nuestra parte en la lucha contra el cambio clim\u00e1tico&#8221;<br \/>\n<\/em><\/strong>Ant\u00f3nio Guterres, Secretario General de la ONU<\/p>\n<p>[\/vc_column_text][\/vc_column][vc_column width=&#8221;1\/2&#8243;][vc_column_text]<!-- wp:heading --><\/p>\n<h2>\u00bfQu\u00e9 es Agrolytics?<\/h2>\n<!-- \/wp:heading -->[\/vc_column_text][vc_column_text css=&#8221;&#8221;]<!-- wp:heading --><!-- \/wp:heading -->\n<p><!-- wp:paragraph -->Es un conjunto de herramientas digitales innovadoras que interact\u00faan para:<\/p>\n<!-- \/wp:paragraph -->\n<p><!-- wp:paragraph -->(1) Generar modelos de nicho ecol\u00f3gico para identificar la factibilidad clim\u00e1tica de las especies agr\u00edcolas y los pat\u00f3genos que las afectan.<\/p>\n<!-- \/wp:paragraph -->\n<p><!-- wp:paragraph -->(2) Realizar an\u00e1lisis de fertilidad del suelo, brindando recomendaciones de qu\u00e9 sembrar o c\u00f3mo mejorar las condiciones.<\/p>\n<!-- \/wp:paragraph -->\n<p><!-- wp:heading -->[\/vc_column_text][vc_btn title=&#8221;Funcionalidades&#8221; color=&#8221;success&#8221; size=&#8221;lg&#8221; align=&#8221;center&#8221; css=&#8221;&#8221; button_block=&#8221;true&#8221; link=&#8221;url:https%3A%2F%2Fagrolytics.org%2Finfo%2Facerca%2Ffuncionalidades%2F|title:Funcionalidades&#8221;][vc_column_text]<\/p>\n<h3>Qui\u00e9n puede usar Agrolytics<\/h3>\n<p>[\/vc_column_text][vc_single_image image=&#8221;2317&#8243; img_size=&#8221;full&#8221;][\/vc_column][\/vc_row][vc_row full_width=&#8221;stretch_row&#8221; full_height=&#8221;yes&#8221;][vc_column][vc_column_text css=&#8221;.vc_custom_1737987112296{background-color: #ceffce !important;}&#8221;]<\/p>\n<h3 style=\"text-align: center;\">Para qu\u00e9<\/h3>\n<p>[\/vc_column_text][vc_row_inner][vc_column_inner width=&#8221;1\/2&#8243;][vc_single_image image=&#8221;2335&#8243; img_size=&#8221;medium&#8221; alignment=&#8221;center&#8221; style=&#8221;vc_box_outline_circle&#8221; border_color=&#8221;green&#8221;][\/vc_column_inner][vc_column_inner width=&#8221;1\/2&#8243;][vc_column_text]<\/p>\n<h3><!-- \/wp:list --><\/h3>\n<h3><!-- wp:paragraph --><!-- \/wp:paragraph -->(1) Fuente de informaci\u00f3n preventiva-predictiva<\/h3>\n<p><strong>Generar, recopilar y facilitar informaci\u00f3n<\/strong> para los involucrados en la cadena productiva del <strong>sector agro-alimentario<\/strong>,\u00a0 de las <strong>especies<\/strong> de <strong>consumo humano<\/strong> y sus <strong>pat\u00f3genos<\/strong>, la factibilidad clim\u00e1tica de ambos, y las <strong>condiciones de suelo<\/strong> para la siembra, con el objeto de:<\/p>\n<ul>\n<li>Disminuir los <strong>riesgos<\/strong> en las cosecha<\/li>\n<li>Conocer la <strong>favorabilidad<\/strong> de su suelo<\/li>\n<li><strong>Optimizaci\u00f3n<\/strong> y <strong>reducci\u00f3n<\/strong> de los <strong>fertilizantes<\/strong> y acondicionadores de suelo<\/li>\n<li><strong>Reducci\u00f3n<\/strong> del uso de <strong>plaguicidas<\/strong><\/li>\n<li>Mejorar la <strong>eficiencia<\/strong> del <strong>gasto<\/strong> en la siembra<\/li>\n<li><strong>Disminuir<\/strong> la <strong>merma<\/strong> en el proceso de producci\u00f3n agr\u00edcola.<\/li>\n<\/ul>\n<p>[\/vc_column_text][\/vc_column_inner][\/vc_row_inner][\/vc_column][\/vc_row][vc_row full_height=&#8221;yes&#8221; css=&#8221;.vc_custom_1737987197667{background-color: #E4E4E4 !important;}&#8221;][vc_column][vc_row_inner][vc_column_inner width=&#8221;1\/2&#8243;][vc_single_image image=&#8221;2328&#8243; img_size=&#8221;medium&#8221; alignment=&#8221;center&#8221; style=&#8221;vc_box_outline_circle&#8221; border_color=&#8221;green&#8221;][\/vc_column_inner][vc_column_inner width=&#8221;1\/2&#8243;][vc_column_text]<\/p>\n<h3>(2)\u00a0 Red colaborativa digital<\/h3>\n<p>Crear una red colaborativa digital (comunidad) de personas involucradas en la producci\u00f3n agr\u00edcola con el objeto de:<\/p>\n<ul>\n<li>Alertar de riesgos agr\u00edcolas presentes locales y\/o regionales,<\/li>\n<li>Compartir conocimiento sobre la producci\u00f3n agr\u00edcola, el manejo de pat\u00f3genos, uso m\u00e1s apropiado de fertilizantes y pesticidas,<\/li>\n<li>Crear patrones y vectores de propagaci\u00f3n de pat\u00f3genos agr\u00edcolas,<\/li>\n<li>Evitar epidemias regionales,<\/li>\n<li>Reaccionar de manera temprana ante patogenos, condiciones clim\u00e1ticas y\/o malas condiciones del suelo.<\/li>\n<\/ul>\n<p>[\/vc_column_text][\/vc_column_inner][\/vc_row_inner][\/vc_column][\/vc_row][vc_row full_height=&#8221;yes&#8221;][vc_column][vc_row_inner][vc_column_inner width=&#8221;1\/2&#8243;][vc_single_image image=&#8221;2329&#8243; img_size=&#8221;medium&#8221; alignment=&#8221;center&#8221; style=&#8221;vc_box_outline_circle&#8221; border_color=&#8221;green&#8221;][\/vc_column_inner][vc_column_inner width=&#8221;1\/2&#8243;][vc_column_text]<\/p>\n<h3>(3) Mejores pol\u00edticas p\u00fablicas<\/h3>\n<p>Ser una plataforma de consulta de instituciones p\u00fablicas, tanto gubernamentales como ONGs, para:<\/p>\n<ul>\n<li>Mejorar la eficiencia y eficacia de programas de apoyo del sector agro-alimentario que representan<\/li>\n<li>Alimentar a los sistemas de informaci\u00f3n p\u00fablica<\/li>\n<li>Prever los riesgos de esparcimiento de pat\u00f3genos regionales y el desarrollo de estrategias de inmunizaci\u00f3n<\/li>\n<li>Ser una herramienta de apoyo en la generaci\u00f3n de pol\u00edtica p\u00fablica.<\/li>\n<\/ul>\n<p>[\/vc_column_text][\/vc_column_inner][\/vc_row_inner][\/vc_column][\/vc_row]<\/p>\n<\/div>","protected":false},"excerpt":{"rendered":"<p>[vc_row][vc_column width=&#8221;1\/2&#8243;][vc_single_image image=&#8221;1993&#8243; img_size=&#8221;large&#8221; alignment=&#8221;center&#8221; css=&#8221;&#8221;][vc_column_text] &#8220;El cambio clim\u00e1tico es el problema que define nuestra \u00e9poca, y \u00e9ste es un momento crucial.&#8221; Ant\u00f3nio Guterres, Secretario General de la ONU [\/vc_column_text][\/vc_column][vc_column width=&#8221;1\/2&#8243;][vc_column_text] \u00bfPor qu\u00e9 agrolytics? [\/vc_column_text][vc_column_text css=&#8221;&#8221;]El cambio clim\u00e1tico nos afecta a todos. A nivel mundial, causar\u00e1 en el corto plazo problemas de sanidad alimentaria, en &hellip; <a href=\"https:\/\/agrolytics.org\/info\/\" class=\"more-link\">Continue reading <span class=\"screen-reader-text\">Agrolytics<\/span><\/a><\/p>\n","protected":false},"author":1,"featured_media":0,"parent":0,"menu_order":1,"comment_status":"closed","ping_status":"closed","template":"","meta":{"_acf_changed":false,"footnotes":""},"class_list":["post-2003","page","type-page","status-publish","hentry"],"acf":[],"yoast_head":"<!-- This site is optimized with the Yoast SEO plugin v26.1.1 - https:\/\/yoast.com\/wordpress\/plugins\/seo\/ -->\n<title>Agrolytics - Agrolytics<\/title>\n<meta name=\"robots\" content=\"index, follow, max-snippet:-1, max-image-preview:large, max-video-preview:-1\" \/>\n<link rel=\"canonical\" href=\"https:\/\/agrolytics.org\/info\/\" \/>\n<meta property=\"og:locale\" content=\"es_MX\" \/>\n<meta property=\"og:type\" content=\"article\" \/>\n<meta property=\"og:title\" content=\"Agrolytics - Agrolytics\" \/>\n<meta property=\"og:description\" content=\"[vc_row][vc_column width=&#8221;1\/2&#8243;][vc_single_image image=&#8221;1993&#8243; img_size=&#8221;large&#8221; alignment=&#8221;center&#8221; css=&#8221;&#8221;][vc_column_text] &#8220;El cambio clim\u00e1tico es el problema que define nuestra \u00e9poca, y \u00e9ste es un momento crucial.&#8221; Ant\u00f3nio Guterres, Secretario General de la ONU [\/vc_column_text][\/vc_column][vc_column width=&#8221;1\/2&#8243;][vc_column_text] \u00bfPor qu\u00e9 agrolytics? [\/vc_column_text][vc_column_text css=&#8221;&#8221;]El cambio clim\u00e1tico nos afecta a todos. A nivel mundial, causar\u00e1 en el corto plazo problemas de sanidad alimentaria, en &hellip; Continue reading Agrolytics\" \/>\n<meta property=\"og:url\" content=\"https:\/\/agrolytics.org\/info\/\" \/>\n<meta property=\"og:site_name\" content=\"Agrolytics\" \/>\n<meta property=\"article:modified_time\" content=\"2025-09-09T23:18:24+00:00\" \/>\n<meta name=\"twitter:card\" content=\"summary_large_image\" \/>\n<meta name=\"twitter:label1\" content=\"Tiempo de lectura\" \/>\n\t<meta name=\"twitter:data1\" content=\"5 minutos\" \/>\n<!-- \/ Yoast SEO plugin. -->","yoast_head_json":{"title":"Agrolytics - Agrolytics","robots":{"index":"index","follow":"follow","max-snippet":"max-snippet:-1","max-image-preview":"max-image-preview:large","max-video-preview":"max-video-preview:-1"},"canonical":"https:\/\/agrolytics.org\/info\/","og_locale":"es_MX","og_type":"article","og_title":"Agrolytics - Agrolytics","og_description":"[vc_row][vc_column width=&#8221;1\/2&#8243;][vc_single_image image=&#8221;1993&#8243; img_size=&#8221;large&#8221; alignment=&#8221;center&#8221; css=&#8221;&#8221;][vc_column_text] &#8220;El cambio clim\u00e1tico es el problema que define nuestra \u00e9poca, y \u00e9ste es un momento crucial.&#8221; Ant\u00f3nio Guterres, Secretario General de la ONU [\/vc_column_text][\/vc_column][vc_column width=&#8221;1\/2&#8243;][vc_column_text] \u00bfPor qu\u00e9 agrolytics? [\/vc_column_text][vc_column_text css=&#8221;&#8221;]El cambio clim\u00e1tico nos afecta a todos. A nivel mundial, causar\u00e1 en el corto plazo problemas de sanidad alimentaria, en &hellip; Continue reading Agrolytics","og_url":"https:\/\/agrolytics.org\/info\/","og_site_name":"Agrolytics","article_modified_time":"2025-09-09T23:18:24+00:00","twitter_card":"summary_large_image","twitter_misc":{"Tiempo de lectura":"5 minutos"},"schema":{"@context":"https:\/\/schema.org","@graph":[{"@type":"WebPage","@id":"https:\/\/agrolytics.org\/info\/","url":"https:\/\/agrolytics.org\/info\/","name":"Agrolytics - Agrolytics","isPartOf":{"@id":"https:\/\/agrolytics.org\/info\/#website"},"datePublished":"2019-11-15T17:34:43+00:00","dateModified":"2025-09-09T23:18:24+00:00","breadcrumb":{"@id":"https:\/\/agrolytics.org\/info\/#breadcrumb"},"inLanguage":"es","potentialAction":[{"@type":"ReadAction","target":["https:\/\/agrolytics.org\/info\/"]}]},{"@type":"BreadcrumbList","@id":"https:\/\/agrolytics.org\/info\/#breadcrumb","itemListElement":[{"@type":"ListItem","position":1,"name":"Inicio","item":"https:\/\/agrolytics.org\/info\/"},{"@type":"ListItem","position":2,"name":"Agrolytics"}]},{"@type":"WebSite","@id":"https:\/\/agrolytics.org\/info\/#website","url":"https:\/\/agrolytics.org\/info\/","name":"Agrolytics","description":"Inteligencia agroambiental","publisher":{"@id":"https:\/\/agrolytics.org\/info\/#organization"},"potentialAction":[{"@type":"SearchAction","target":{"@type":"EntryPoint","urlTemplate":"https:\/\/agrolytics.org\/info\/?s={search_term_string}"},"query-input":{"@type":"PropertyValueSpecification","valueRequired":true,"valueName":"search_term_string"}}],"inLanguage":"es"},{"@type":"Organization","@id":"https:\/\/agrolytics.org\/info\/#organization","name":"Agrolytics","url":"https:\/\/agrolytics.org\/info\/","logo":{"@type":"ImageObject","inLanguage":"es","@id":"https:\/\/agrolytics.org\/info\/#\/schema\/logo\/image\/","url":"https:\/\/agrolytics.org\/info\/wp-content\/uploads\/2019\/06\/logo-agrolytics.png","contentUrl":"https:\/\/agrolytics.org\/info\/wp-content\/uploads\/2019\/06\/logo-agrolytics.png","width":164,"height":164,"caption":"Agrolytics"},"image":{"@id":"https:\/\/agrolytics.org\/info\/#\/schema\/logo\/image\/"}}]}},"_links":{"self":[{"href":"https:\/\/agrolytics.org\/info\/wp-json\/wp\/v2\/pages\/2003","targetHints":{"allow":["GET"]}}],"collection":[{"href":"https:\/\/agrolytics.org\/info\/wp-json\/wp\/v2\/pages"}],"about":[{"href":"https:\/\/agrolytics.org\/info\/wp-json\/wp\/v2\/types\/page"}],"author":[{"embeddable":true,"href":"https:\/\/agrolytics.org\/info\/wp-json\/wp\/v2\/users\/1"}],"replies":[{"embeddable":true,"href":"https:\/\/agrolytics.org\/info\/wp-json\/wp\/v2\/comments?post=2003"}],"version-history":[{"count":83,"href":"https:\/\/agrolytics.org\/info\/wp-json\/wp\/v2\/pages\/2003\/revisions"}],"predecessor-version":[{"id":259254,"href":"https:\/\/agrolytics.org\/info\/wp-json\/wp\/v2\/pages\/2003\/revisions\/259254"}],"wp:attachment":[{"href":"https:\/\/agrolytics.org\/info\/wp-json\/wp\/v2\/media?parent=2003"}],"curies":[{"name":"wp","href":"https:\/\/api.w.org\/{rel}","templated":true}]}}