{"id":2000,"date":"2019-11-15T11:34:22","date_gmt":"2019-11-15T17:34:22","guid":{"rendered":"http:\/\/www.agrolytics.org\/?page_id=2000"},"modified":"2024-11-29T21:24:05","modified_gmt":"2024-11-30T03:24:05","slug":"cambio-climatico","status":"publish","type":"page","link":"https:\/\/agrolytics.org\/info\/acerca\/cambio-climatico\/","title":{"rendered":"Cambio clim\u00e1tico y agricultura"},"content":{"rendered":"<div class=\"wpb-content-wrapper\"><p>[vc_row][vc_column width=&#8221;2\/3&#8243;][vc_tta_accordion style=&#8221;flat&#8221; shape=&#8221;square&#8221; color=&#8221;white&#8221; c_icon=&#8221;chevron&#8221; active_section=&#8221;1&#8243; no_fill=&#8221;true&#8221;][vc_tta_section title=&#8221;\u00bfQu\u00e9 es el cambio clim\u00e1tico?&#8221; tab_id=&#8221;cambio-climatico&#8221;][vc_row_inner][vc_column_inner][vc_column_text]La Convenci\u00f3n Marco de la Naciones Unidas sobre el Cambio Clim\u00e1tico, define al cambio clim\u00e1tico, como un cambio de clima atribuido directa e indirectamente a la actividad humana que altera la composici\u00f3n de la atm\u00f3sfera y que se suma a la variabilidad natural del clima observadas durante per\u00edodos de tiempos comparables.[\/vc_column_text][\/vc_column_inner][\/vc_row_inner][\/vc_tta_section][vc_tta_section title=&#8221;\u00bfC\u00f3mo afecta en la agricultura?&#8221; tab_id=&#8221;impacto-agricultura&#8221;][vc_column_text]Los pa\u00edses invierten grandes cantidades de recursos para erradicar y combatir las enfermedades y las plagas de las plantas. El cambio clim\u00e1tico est\u00e1 creando condiciones favorables para que se produzcan pat\u00f3genos (plagas, enfermedades y malezas) en la agricultura en nuevas regiones, as\u00ed como tambi\u00e9n est\u00e1 transformando sus v\u00edas de transmisi\u00f3n.<\/p>\r\n<p><!-- \/wp:post-content -->\r\n\r\n<!-- wp:paragraph -->Los cient\u00edficos coinciden en los impactos del cambio clim\u00e1tico: ciclos de polinizadores y polinizados que se desacoplan, aparici\u00f3n de especies ex\u00f3ticas, mayor virulencia de pat\u00f3genos, m\u00e1s mortalidad local por fen\u00f3menos clim\u00e1ticos extremos, menos floraci\u00f3n y disminuci\u00f3n del contenido proteico del polen.<\/p>\r\n<p><!-- \/wp:paragraph -->\r\n\r\n<!-- wp:paragraph -->En este sentido, la FAO es la instituci\u00f3n que tiene el liderazgo global en los esfuerzos para contrarestar el impacto del cambio clim\u00e1tico en la agricultura, por ello, en Agrolyticis nos sumamos a sus objetivos.[\/vc_column_text][\/vc_tta_section][vc_tta_section title=&#8221;\u00bfQu\u00e9 es la factibilidad clim\u00e1tica?&#8221; tab_id=&#8221;factibilidad-climatica&#8221;][vc_column_text css=&#8221;&#8221;]<\/p>\r\n<p>Es una aproximaci\u00f3n matem\u00e1tica de indica qu\u00e9 tan apropiadas son las condiciones clim\u00e1ticas para que una especie (producto agr\u00edcola o pat\u00f3geno) pueda esparcirse en una zona geogr\u00e1fica.<\/p>\r\n<p>[\/vc_column_text][\/vc_tta_section][vc_tta_section title=&#8221;\u00bfC\u00f3mo se modela la Factibilidad Clim\u00e1tica?&#8221; tab_id=&#8221;proceso&#8221;][vc_column_text css=&#8221;&#8221;]<\/p>\r\n<p>Para generar la aproximaci\u00f3n matem\u00e1tica, hemos creado un modelador de nichos ecol\u00f3gicos, que tiene la competencia de analizar en qu\u00e9 lugares del globo terr\u00e1queo se han registrado las especies en cuesti\u00f3n, y con dichos datos, se proyecta una predicci\u00f3n estad\u00edstica de la factibilidad clim\u00e1tica del punto geogr\u00e1fico indicado con la especie en cuesti\u00f3n.<\/p>\r\n<p>[\/vc_column_text][vc_single_image image=&#8221;2280&#8243; img_size=&#8221;full&#8221; css=&#8221;&#8221;][\/vc_tta_section][vc_tta_section title=&#8221;Problema cr\u00edtico: Sanidad alimentaria&#8221; tab_id=&#8221;fao&#8221;][vc_column_text]La Organizaci\u00f3n de las Naciones Unidas para la Alimentaci\u00f3n y la Agricultura, ONUAA, o m\u00e1s conocida como FAO, es un organismo especializado de la ONU que dirige las actividades internacionales encaminadas a erradicar el hambre.<\/p>\r\n<p>Su objetivo es lograr la seguridad alimentaria para todos, y al mismo tiempo garantizar el acceso regular a alimentos suficientes y de buena calidad para llevar una vida activa y sana.<\/p>\r\n<p>Sus actividades son:<\/p>\r\n<ul>\r\n<li>Ayudar a eliminar el hambre, la inseguridad alimentaria y la malnutrici\u00f3n,<\/li>\r\n<li>Hacer que la agricultura, la actividad forestal y la pesca sean m\u00e1s productivas y sostenibles,<\/li>\r\n<li>Reducir la pobreza rural,<\/li>\r\n<li>Propiciar sistemas agr\u00edcolas y alimentarios inclusivos y eficientes,<\/li>\r\n<li>Incrementar la resiliencia de los medios de vida ante las amenazas y crisis.<\/li>\r\n<\/ul>\r\n<p>[\/vc_column_text][\/vc_tta_section][\/vc_tta_accordion][\/vc_column][vc_column width=&#8221;1\/3&#8243;][vc_btn title=&#8221;\u00bfQu\u00e9 es AGROLYTICS?&#8221; color=&#8221;success&#8221; size=&#8221;lg&#8221; align=&#8221;center&#8221; css=&#8221;&#8221; button_block=&#8221;true&#8221; link=&#8221;url:https%3A%2F%2Fagrolytics.org%2Finfo%2Facerca%2F|title:Agrolytics&#8221;][vc_single_image image=&#8221;2266&#8243; img_size=&#8221;full&#8221; alignment=&#8221;right&#8221;][\/vc_column][\/vc_row][vc_row disable_element=&#8221;yes&#8221;][vc_column width=&#8221;2\/3&#8243;][\/vc_column][vc_column width=&#8221;1\/3&#8243;][vc_btn title=&#8221;\u00bfQu\u00e9 es Agrolytics?&#8221; align=&#8221;center&#8221; link=&#8221;url:https%3A%2F%2Fwww.agrolytics.org%2Facerca%2F|title:Agrolytics||&#8221;][vc_btn title=&#8221;\u00bfQu\u00e9 es Agrolytics?&#8221; align=&#8221;center&#8221; link=&#8221;url:https%3A%2F%2Fwww.agrolytics.org%2Facerca%2F|title:Agrolytics||&#8221;][\/vc_column][\/vc_row]<\/p><\/div>","protected":false},"excerpt":{"rendered":"<p>[vc_row][vc_column width=&#8221;2\/3&#8243;][vc_tta_accordion style=&#8221;flat&#8221; shape=&#8221;square&#8221; color=&#8221;white&#8221; c_icon=&#8221;chevron&#8221; active_section=&#8221;1&#8243; no_fill=&#8221;true&#8221;][vc_tta_section title=&#8221;\u00bfQu\u00e9 es el cambio clim\u00e1tico?&#8221; tab_id=&#8221;cambio-climatico&#8221;][vc_row_inner][vc_column_inner][vc_column_text]La Convenci\u00f3n Marco de la Naciones Unidas sobre el Cambio Clim\u00e1tico, define al cambio clim\u00e1tico, como un cambio de clima atribuido directa e indirectamente a la actividad humana que altera la composici\u00f3n de la atm\u00f3sfera y que se suma a la variabilidad &hellip; <a href=\"https:\/\/agrolytics.org\/info\/acerca\/cambio-climatico\/\" class=\"more-link\">Continue reading <span class=\"screen-reader-text\">Cambio clim\u00e1tico y agricultura<\/span><\/a><\/p>\n","protected":false},"author":1,"featured_media":0,"parent":2003,"menu_order":0,"comment_status":"closed","ping_status":"closed","template":"","meta":{"_acf_changed":false,"footnotes":""},"class_list":["post-2000","page","type-page","status-publish","hentry"],"acf":[],"yoast_head":"<!-- This site is optimized with the Yoast SEO plugin v26.1.1 - https:\/\/yoast.com\/wordpress\/plugins\/seo\/ -->\n<title>Cambio clim\u00e1tico y agricultura - Agrolytics<\/title>\n<meta name=\"robots\" content=\"index, follow, max-snippet:-1, max-image-preview:large, max-video-preview:-1\" \/>\n<link rel=\"canonical\" href=\"https:\/\/agrolytics.org\/info\/acerca\/cambio-climatico\/\" \/>\n<meta property=\"og:locale\" content=\"es_MX\" \/>\n<meta property=\"og:type\" content=\"article\" \/>\n<meta property=\"og:title\" content=\"Cambio clim\u00e1tico y agricultura - Agrolytics\" \/>\n<meta property=\"og:description\" content=\"[vc_row][vc_column width=&#8221;2\/3&#8243;][vc_tta_accordion style=&#8221;flat&#8221; shape=&#8221;square&#8221; color=&#8221;white&#8221; c_icon=&#8221;chevron&#8221; active_section=&#8221;1&#8243; no_fill=&#8221;true&#8221;][vc_tta_section title=&#8221;\u00bfQu\u00e9 es el cambio clim\u00e1tico?&#8221; tab_id=&#8221;cambio-climatico&#8221;][vc_row_inner][vc_column_inner][vc_column_text]La Convenci\u00f3n Marco de la Naciones Unidas sobre el Cambio Clim\u00e1tico, define al cambio clim\u00e1tico, como un cambio de clima atribuido directa e indirectamente a la actividad humana que altera la composici\u00f3n de la atm\u00f3sfera y que se suma a la variabilidad &hellip; Continue reading Cambio clim\u00e1tico y agricultura\" \/>\n<meta property=\"og:url\" content=\"https:\/\/agrolytics.org\/info\/acerca\/cambio-climatico\/\" \/>\n<meta property=\"og:site_name\" content=\"Agrolytics\" \/>\n<meta property=\"article:modified_time\" content=\"2024-11-30T03:24:05+00:00\" \/>\n<meta name=\"twitter:card\" content=\"summary_large_image\" \/>\n<meta name=\"twitter:label1\" content=\"Tiempo de lectura\" \/>\n\t<meta name=\"twitter:data1\" content=\"3 minutos\" \/>\n<!-- \/ Yoast SEO plugin. -->","yoast_head_json":{"title":"Cambio clim\u00e1tico y agricultura - Agrolytics","robots":{"index":"index","follow":"follow","max-snippet":"max-snippet:-1","max-image-preview":"max-image-preview:large","max-video-preview":"max-video-preview:-1"},"canonical":"https:\/\/agrolytics.org\/info\/acerca\/cambio-climatico\/","og_locale":"es_MX","og_type":"article","og_title":"Cambio clim\u00e1tico y agricultura - Agrolytics","og_description":"[vc_row][vc_column width=&#8221;2\/3&#8243;][vc_tta_accordion style=&#8221;flat&#8221; shape=&#8221;square&#8221; color=&#8221;white&#8221; c_icon=&#8221;chevron&#8221; active_section=&#8221;1&#8243; no_fill=&#8221;true&#8221;][vc_tta_section title=&#8221;\u00bfQu\u00e9 es el cambio clim\u00e1tico?&#8221; tab_id=&#8221;cambio-climatico&#8221;][vc_row_inner][vc_column_inner][vc_column_text]La Convenci\u00f3n Marco de la Naciones Unidas sobre el Cambio Clim\u00e1tico, define al cambio clim\u00e1tico, como un cambio de clima atribuido directa e indirectamente a la actividad humana que altera la composici\u00f3n de la atm\u00f3sfera y que se suma a la variabilidad &hellip; Continue reading Cambio clim\u00e1tico y agricultura","og_url":"https:\/\/agrolytics.org\/info\/acerca\/cambio-climatico\/","og_site_name":"Agrolytics","article_modified_time":"2024-11-30T03:24:05+00:00","twitter_card":"summary_large_image","twitter_misc":{"Tiempo de lectura":"3 minutos"},"schema":{"@context":"https:\/\/schema.org","@graph":[{"@type":"WebPage","@id":"https:\/\/agrolytics.org\/info\/acerca\/cambio-climatico\/","url":"https:\/\/agrolytics.org\/info\/acerca\/cambio-climatico\/","name":"Cambio clim\u00e1tico y agricultura - Agrolytics","isPartOf":{"@id":"https:\/\/agrolytics.org\/info\/#website"},"datePublished":"2019-11-15T17:34:22+00:00","dateModified":"2024-11-30T03:24:05+00:00","breadcrumb":{"@id":"https:\/\/agrolytics.org\/info\/acerca\/cambio-climatico\/#breadcrumb"},"inLanguage":"es","potentialAction":[{"@type":"ReadAction","target":["https:\/\/agrolytics.org\/info\/acerca\/cambio-climatico\/"]}]},{"@type":"BreadcrumbList","@id":"https:\/\/agrolytics.org\/info\/acerca\/cambio-climatico\/#breadcrumb","itemListElement":[{"@type":"ListItem","position":1,"name":"Inicio","item":"https:\/\/agrolytics.org\/info\/"},{"@type":"ListItem","position":2,"name":"Agrolytics","item":"https:\/\/agrolytics.org\/info\/"},{"@type":"ListItem","position":3,"name":"Cambio clim\u00e1tico y agricultura"}]},{"@type":"WebSite","@id":"https:\/\/agrolytics.org\/info\/#website","url":"https:\/\/agrolytics.org\/info\/","name":"Agrolytics","description":"Inteligencia agroambiental","publisher":{"@id":"https:\/\/agrolytics.org\/info\/#organization"},"potentialAction":[{"@type":"SearchAction","target":{"@type":"EntryPoint","urlTemplate":"https:\/\/agrolytics.org\/info\/?s={search_term_string}"},"query-input":{"@type":"PropertyValueSpecification","valueRequired":true,"valueName":"search_term_string"}}],"inLanguage":"es"},{"@type":"Organization","@id":"https:\/\/agrolytics.org\/info\/#organization","name":"Agrolytics","url":"https:\/\/agrolytics.org\/info\/","logo":{"@type":"ImageObject","inLanguage":"es","@id":"https:\/\/agrolytics.org\/info\/#\/schema\/logo\/image\/","url":"https:\/\/agrolytics.org\/info\/wp-content\/uploads\/2019\/06\/logo-agrolytics.png","contentUrl":"https:\/\/agrolytics.org\/info\/wp-content\/uploads\/2019\/06\/logo-agrolytics.png","width":164,"height":164,"caption":"Agrolytics"},"image":{"@id":"https:\/\/agrolytics.org\/info\/#\/schema\/logo\/image\/"}}]}},"_links":{"self":[{"href":"https:\/\/agrolytics.org\/info\/wp-json\/wp\/v2\/pages\/2000","targetHints":{"allow":["GET"]}}],"collection":[{"href":"https:\/\/agrolytics.org\/info\/wp-json\/wp\/v2\/pages"}],"about":[{"href":"https:\/\/agrolytics.org\/info\/wp-json\/wp\/v2\/types\/page"}],"author":[{"embeddable":true,"href":"https:\/\/agrolytics.org\/info\/wp-json\/wp\/v2\/users\/1"}],"replies":[{"embeddable":true,"href":"https:\/\/agrolytics.org\/info\/wp-json\/wp\/v2\/comments?post=2000"}],"version-history":[{"count":51,"href":"https:\/\/agrolytics.org\/info\/wp-json\/wp\/v2\/pages\/2000\/revisions"}],"predecessor-version":[{"id":259191,"href":"https:\/\/agrolytics.org\/info\/wp-json\/wp\/v2\/pages\/2000\/revisions\/259191"}],"up":[{"embeddable":true,"href":"https:\/\/agrolytics.org\/info\/wp-json\/wp\/v2\/pages\/2003"}],"wp:attachment":[{"href":"https:\/\/agrolytics.org\/info\/wp-json\/wp\/v2\/media?parent=2000"}],"curies":[{"name":"wp","href":"https:\/\/api.w.org\/{rel}","templated":true}]}}